{"id":11,"date":"2018-06-29T12:42:57","date_gmt":"2018-06-29T12:42:57","guid":{"rendered":"http:\/\/themes.muffingroup.com\/be\/lawyer4\/?page_id=11"},"modified":"2024-03-28T11:51:05","modified_gmt":"2024-03-28T11:51:05","slug":"direitocivil","status":"publish","type":"page","link":"https:\/\/bgassociados.com\/es\/direitocivil\/","title":{"rendered":"Derecho Civil"},"content":{"rendered":"<h3>Derecho Civil<\/h3>\n<p style=\"text-align: justificar;\">La actividad del equipo de abogados en esta \u00e1rea de pr\u00e1ctica implica la intervenci\u00f3n preventiva correspondiente a una fase prejudicial, as\u00ed como en la fase judicial, representando a los clientes en la m\u00e1s variadas instancias, asegurando todos los tr\u00e1mites judiciales y aportando todos los medios t\u00e9cnicos y conocimientos para el \u00e9xito del patrocinado.<\/p>\n<p style=\"text-align: allow;\">El equipo de Litigios Civiles cuenta con una amplia experiencia en todas las \u00e1reas de resoluci\u00f3n de conflictos judiciales, civiles, comerciales, y en otros m\u00e9todos alternativos de resoluci\u00f3n de conflictos, a saber.<\/p>\n<p>&nbsp;<\/p>\n<ul>\n<li>Cobro de deudas derivadas de facturas, letras de cambio, cheques u otros documentos<\/li>\n<li>Redacci\u00f3n de contratos<\/li>\n<li>Responsabilidades contractuales y extracontractuales<\/li>\n<li>Derechos Reales\/Posesi\u00f3n\/Propiedad<\/li>\n<li>Responsabilidad civil: indemnizaci\u00f3n por da\u00f1os materiales y morales<\/li>\n<li>Responsabilidad por da\u00f1os causados por animales<\/li>\n<li>Responsabilidad por negligencia en la pr\u00e1ctica de actos m\u00e9dicos<\/li>\n<li>Accidentes de viaje<\/li>\n<li>Adquisici\u00f3n de nacionalidad<\/li>\n<li>Entrada y estancia de extranjeros<\/li>\n<\/ul>\n","protected":false},"excerpt":{"rendered":"<p>Derecho Civil La actividad del equipo de abogados en esta \u00e1rea de pr\u00e1ctica implica la<span class=\"excerpt-hellip\"> [\u2026]<\/span><\/p>\n","protected":false},"author":1,"featured_media":0,"parent":0,"menu_order":0,"comment_status":"closed","ping_status":"closed","template":"","meta":[],"yoast_head":"<!-- This site is optimized with the Yoast SEO plugin v15.9.1 - https:\/\/yoast.com\/wordpress\/plugins\/seo\/ -->\n<title>Abogados de Derecho Civil - Branco, Garcia &amp; Asociados<\/title>\n<meta name=\"description\" content=\"El equipo de Litigios Civiles cuenta con una amplia experiencia en todas las \u00e1reas de resoluci\u00f3n de conflictos judiciales e civiles.\" \/>\n<link rel=\"canonical\" href=\"https:\/\/bgassociados.com\/es\/direitocivil\/\" \/>\n<meta property=\"og:locale\" content=\"es_ES\" \/>\n<meta property=\"og:type\" content=\"article\" \/>\n<meta property=\"og:title\" content=\"Abogados de Derecho Civil - Branco, Garcia &amp; Asociados\" \/>\n<meta property=\"og:description\" content=\"El equipo de Litigios Civiles cuenta con una amplia experiencia en todas las \u00e1reas de resoluci\u00f3n de conflictos judiciales e civiles.\" \/>\n<meta property=\"og:url\" content=\"https:\/\/bgassociados.com\/es\/direitocivil\/\" \/>\n<meta property=\"og:site_name\" content=\"Branco, Garcia &amp; Asociados\" \/>\n<meta property=\"article:modified_time\" content=\"2024-03-28T11:51:05+00:00\" \/>\n<meta name=\"twitter:card\" content=\"summary_large_image\" \/>\n<meta name=\"twitter:label1\" content=\"Est. reading time\">\n\t<meta name=\"twitter:data1\" content=\"1 minuto\">\n<script type=\"application\/ld+json\" class=\"yoast-schema-graph\">{\"@context\":\"https:\/\/schema.org\",\"@graph\":[{\"@type\":\"WebSite\",\"@id\":\"https:\/\/bgassociados.com\/es\/#website\",\"url\":\"https:\/\/bgassociados.com\/es\/\",\"name\":\"Branco, Garcia &amp; Asociados\",\"description\":\"Abogados\",\"potentialAction\":[{\"@type\":\"SearchAction\",\"target\":\"https:\/\/bgassociados.com\/es\/?s={search_term_string}\",\"query-input\":\"required name=search_term_string\"}],\"inLanguage\":\"es\"},{\"@type\":\"WebPage\",\"@id\":\"https:\/\/bgassociados.com\/es\/direitocivil\/#webpage\",\"url\":\"https:\/\/bgassociados.com\/es\/direitocivil\/\",\"name\":\"Abogados de Derecho Civil - Branco, Garcia &amp; Asociados\",\"isPartOf\":{\"@id\":\"https:\/\/bgassociados.com\/es\/#website\"},\"datePublished\":\"2018-06-29T12:42:57+00:00\",\"dateModified\":\"2024-03-28T11:51:05+00:00\",\"description\":\"El equipo de Litigios Civiles cuenta con una amplia experiencia en todas las \\u00e1reas de resoluci\\u00f3n de conflictos judiciales e civiles.\",\"breadcrumb\":{\"@id\":\"https:\/\/bgassociados.com\/es\/direitocivil\/#breadcrumb\"},\"inLanguage\":\"es\",\"potentialAction\":[{\"@type\":\"ReadAction\",\"target\":[\"https:\/\/bgassociados.com\/es\/direitocivil\/\"]}]},{\"@type\":\"BreadcrumbList\",\"@id\":\"https:\/\/bgassociados.com\/es\/direitocivil\/#breadcrumb\",\"itemListElement\":[{\"@type\":\"ListItem\",\"position\":1,\"item\":{\"@type\":\"WebPage\",\"@id\":\"https:\/\/bgassociados.com\/es\/\",\"url\":\"https:\/\/bgassociados.com\/es\/\",\"name\":\"In\\u00edcio\"}},{\"@type\":\"ListItem\",\"position\":2,\"item\":{\"@type\":\"WebPage\",\"@id\":\"https:\/\/bgassociados.com\/es\/direitocivil\/\",\"url\":\"https:\/\/bgassociados.com\/es\/direitocivil\/\",\"name\":\"Derecho Civil\"}}]}]}<\/script>\n<!-- \/ Yoast SEO plugin. -->","_links":{"self":[{"href":"https:\/\/bgassociados.com\/es\/wp-json\/wp\/v2\/pages\/11"}],"collection":[{"href":"https:\/\/bgassociados.com\/es\/wp-json\/wp\/v2\/pages"}],"about":[{"href":"https:\/\/bgassociados.com\/es\/wp-json\/wp\/v2\/types\/page"}],"author":[{"embeddable":true,"href":"https:\/\/bgassociados.com\/es\/wp-json\/wp\/v2\/users\/1"}],"replies":[{"embeddable":true,"href":"https:\/\/bgassociados.com\/es\/wp-json\/wp\/v2\/comments?post=11"}],"version-history":[{"count":17,"href":"https:\/\/bgassociados.com\/es\/wp-json\/wp\/v2\/pages\/11\/revisions"}],"predecessor-version":[{"id":441,"href":"https:\/\/bgassociados.com\/es\/wp-json\/wp\/v2\/pages\/11\/revisions\/441"}],"wp:attachment":[{"href":"https:\/\/bgassociados.com\/es\/wp-json\/wp\/v2\/media?parent=11"}],"curies":[{"name":"wp","href":"https:\/\/api.w.org\/{rel}","templated":true}]}}