{"id":120,"date":"2020-12-15T12:34:16","date_gmt":"2020-12-15T12:34:16","guid":{"rendered":"https:\/\/bgassociados.com\/es\/?page_id=120"},"modified":"2024-04-01T18:50:16","modified_gmt":"2024-04-01T17:50:16","slug":"contra-ordenacao","status":"publish","type":"page","link":"https:\/\/bgassociados.com\/es\/contra-ordenacao\/","title":{"rendered":"Defensa de infracciones de tr\u00e1fico"},"content":{"rendered":"","protected":false},"excerpt":{"rendered":"","protected":false},"author":1,"featured_media":0,"parent":0,"menu_order":0,"comment_status":"closed","ping_status":"closed","template":"","meta":[],"yoast_head":"<!-- This site is optimized with the Yoast SEO plugin v15.9.1 - https:\/\/yoast.com\/wordpress\/plugins\/seo\/ -->\n<title>Defensa de infracciones de tr\u00e1fico - Branco, Garcia &amp; Asociados<\/title>\n<meta name=\"description\" content=\"Envi\u00e1ndonos una copia de la notificaci\u00f3n de una infracci\u00f3n administrativa, podemos presentar las mejores soluciones para defender sus intereses.\" \/>\n<link rel=\"canonical\" href=\"https:\/\/bgassociados.com\/es\/contra-ordenacao\/\" \/>\n<meta property=\"og:locale\" content=\"es_ES\" \/>\n<meta property=\"og:type\" content=\"article\" \/>\n<meta property=\"og:title\" content=\"Defensa de infracciones de tr\u00e1fico - Branco, Garcia &amp; Asociados\" \/>\n<meta property=\"og:description\" content=\"Envi\u00e1ndonos una copia de la notificaci\u00f3n de una infracci\u00f3n administrativa, podemos presentar las mejores soluciones para defender sus intereses.\" \/>\n<meta property=\"og:url\" content=\"https:\/\/bgassociados.com\/es\/contra-ordenacao\/\" \/>\n<meta property=\"og:site_name\" content=\"Branco, Garcia &amp; Asociados\" \/>\n<meta property=\"article:modified_time\" content=\"2024-04-01T17:50:16+00:00\" \/>\n<meta name=\"twitter:card\" content=\"summary_large_image\" \/>\n<script type=\"application\/ld+json\" class=\"yoast-schema-graph\">{\"@context\":\"https:\/\/schema.org\",\"@graph\":[{\"@type\":\"WebSite\",\"@id\":\"https:\/\/bgassociados.com\/es\/#website\",\"url\":\"https:\/\/bgassociados.com\/es\/\",\"name\":\"Branco, Garcia &amp; Asociados\",\"description\":\"Abogados\",\"potentialAction\":[{\"@type\":\"SearchAction\",\"target\":\"https:\/\/bgassociados.com\/es\/?s={search_term_string}\",\"query-input\":\"required name=search_term_string\"}],\"inLanguage\":\"es\"},{\"@type\":\"WebPage\",\"@id\":\"https:\/\/bgassociados.com\/es\/contra-ordenacao\/#webpage\",\"url\":\"https:\/\/bgassociados.com\/es\/contra-ordenacao\/\",\"name\":\"Defensa de infracciones de tr\\u00e1fico - Branco, Garcia &amp; Asociados\",\"isPartOf\":{\"@id\":\"https:\/\/bgassociados.com\/es\/#website\"},\"datePublished\":\"2020-12-15T12:34:16+00:00\",\"dateModified\":\"2024-04-01T17:50:16+00:00\",\"description\":\"Envi\\u00e1ndonos una copia de la notificaci\\u00f3n de una infracci\\u00f3n administrativa, podemos presentar las mejores soluciones para defender sus intereses.\",\"breadcrumb\":{\"@id\":\"https:\/\/bgassociados.com\/es\/contra-ordenacao\/#breadcrumb\"},\"inLanguage\":\"es\",\"potentialAction\":[{\"@type\":\"ReadAction\",\"target\":[\"https:\/\/bgassociados.com\/es\/contra-ordenacao\/\"]}]},{\"@type\":\"BreadcrumbList\",\"@id\":\"https:\/\/bgassociados.com\/es\/contra-ordenacao\/#breadcrumb\",\"itemListElement\":[{\"@type\":\"ListItem\",\"position\":1,\"item\":{\"@type\":\"WebPage\",\"@id\":\"https:\/\/bgassociados.com\/es\/\",\"url\":\"https:\/\/bgassociados.com\/es\/\",\"name\":\"In\\u00edcio\"}},{\"@type\":\"ListItem\",\"position\":2,\"item\":{\"@type\":\"WebPage\",\"@id\":\"https:\/\/bgassociados.com\/es\/contra-ordenacao\/\",\"url\":\"https:\/\/bgassociados.com\/es\/contra-ordenacao\/\",\"name\":\"Defensa de infracciones de tr\\u00e1fico\"}}]}]}<\/script>\n<!-- \/ Yoast SEO plugin. -->","_links":{"self":[{"href":"https:\/\/bgassociados.com\/es\/wp-json\/wp\/v2\/pages\/120"}],"collection":[{"href":"https:\/\/bgassociados.com\/es\/wp-json\/wp\/v2\/pages"}],"about":[{"href":"https:\/\/bgassociados.com\/es\/wp-json\/wp\/v2\/types\/page"}],"author":[{"embeddable":true,"href":"https:\/\/bgassociados.com\/es\/wp-json\/wp\/v2\/users\/1"}],"replies":[{"embeddable":true,"href":"https:\/\/bgassociados.com\/es\/wp-json\/wp\/v2\/comments?post=120"}],"version-history":[{"count":5,"href":"https:\/\/bgassociados.com\/es\/wp-json\/wp\/v2\/pages\/120\/revisions"}],"predecessor-version":[{"id":451,"href":"https:\/\/bgassociados.com\/es\/wp-json\/wp\/v2\/pages\/120\/revisions\/451"}],"wp:attachment":[{"href":"https:\/\/bgassociados.com\/es\/wp-json\/wp\/v2\/media?parent=120"}],"curies":[{"name":"wp","href":"https:\/\/api.w.org\/{rel}","templated":true}]}}