{"id":137,"date":"2021-01-04T12:33:04","date_gmt":"2021-01-04T12:33:04","guid":{"rendered":"https:\/\/bgassociados.com\/es\/?page_id=137"},"modified":"2024-04-01T18:51:23","modified_gmt":"2024-04-01T17:51:23","slug":"insolvencia","status":"publish","type":"page","link":"https:\/\/bgassociados.com\/es\/insolvencia\/","title":{"rendered":"Insolvencias"},"content":{"rendered":"<h3>Insolvencias<\/h3>\n<p style=\"text-align: allow;\">Tambi\u00e9n en el contexto de la resoluci\u00f3n de problemas de las empresas, en ocasiones las empresas tienen que recurrir al proceso de insolvencia, como \u00fanica salida a una situaci\u00f3n de elevado endeudamiento, en la que ya no si puede cumplir con sus obligaciones. Con la declaraci\u00f3n de concurso, se suspenden inmediatamente todos los procedimientos judiciales contra el deudor, acabando muchas veces con largos periodos de d\u00e9ficit de caja.<\/p>\n<p style=\"text-align: allow;\">Por otro lado, la salvaci\u00f3n de una empresa puede ser el Proceso Especial de Revitalizaci\u00f3n (PER), que est\u00e1 destinado a empresas en situaci\u00f3n econ\u00f3mica dif\u00edcil o en situaci\u00f3n preconcursal y tiene como objetivos en la recuperaci\u00f3n econ\u00f3mica de la empresa, con un plan de pago a largo plazo a todos los acreedores, protegi\u00e9ndose as\u00ed de una posible declaraci\u00f3n de concurso.<\/p>\n<p style=\"text-align: justify;\">En lo que respecta a las personas f\u00edsicas, nuestra empresa puede patrocinarle en acciones de insolvencia personal, para hacer frente a dificultades en el pago de los compromisos asumidos, permiti\u00e9ndole solucionar una situaci\u00f3n de sobreendeudamiento, cuando un punto de no retorno ha sido alcanzado.<\/p>\n<p style=\"text-align: justify;\">Las personas f\u00edsicas tambi\u00e9n tienen a su disposici\u00f3n el Proceso Especial de Acuerdo de Pagos (PEAP), que entr\u00f3 en vigor en julio de 2017. Este proceso es un proceso similar con las salvedades necesarias al PER de las empresas, permitiendo que el hogar pueda negociar un plan para revitalizar su vida financiera.<\/p>\n<p>&nbsp;<\/p>\n<ul>\n<li>Planificaci\u00f3n y reestructuraci\u00f3n de deuda;<\/li>\n<li>Insolvencia de personas jur\u00eddicas;<\/li>\n<li>Insolvencia de personas f\u00edsicas;<\/li>\n<li>Plan Especial de Dinamizaci\u00f3n (PER) para personas jur\u00eddicas;<\/li>\n<li>Plan Especial de Acuerdo de Pago (PEAP) para personas f\u00edsicas;<\/li>\n<\/ul>\n","protected":false},"excerpt":{"rendered":"<p>Insolvencias Tambi\u00e9n en el contexto de la resoluci\u00f3n de problemas de las empresas, en ocasiones<span class=\"excerpt-hellip\"> [\u2026]<\/span><\/p>\n","protected":false},"author":1,"featured_media":0,"parent":0,"menu_order":0,"comment_status":"closed","ping_status":"closed","template":"","meta":[],"yoast_head":"<!-- This site is optimized with the Yoast SEO plugin v15.9.1 - https:\/\/yoast.com\/wordpress\/plugins\/seo\/ -->\n<title>Abogados de Insolv\u00eancia - Branco, Garcia &amp; Asociados<\/title>\n<meta name=\"description\" content=\"La salvaci\u00f3n de una empresa puede ser el Proceso Especial de Revitalizaci\u00f3n, que est\u00e1 destinado a empresas en situaci\u00f3n econ\u00f3mica dif\u00edcil\" \/>\n<link rel=\"canonical\" href=\"https:\/\/bgassociados.com\/es\/insolvencia\/\" \/>\n<meta property=\"og:locale\" content=\"es_ES\" \/>\n<meta property=\"og:type\" content=\"article\" \/>\n<meta property=\"og:title\" content=\"Abogados de Insolv\u00eancia - Branco, Garcia &amp; Asociados\" \/>\n<meta property=\"og:description\" content=\"La salvaci\u00f3n de una empresa puede ser el Proceso Especial de Revitalizaci\u00f3n, que est\u00e1 destinado a empresas en situaci\u00f3n econ\u00f3mica dif\u00edcil\" \/>\n<meta property=\"og:url\" content=\"https:\/\/bgassociados.com\/es\/insolvencia\/\" \/>\n<meta property=\"og:site_name\" content=\"Branco, Garcia &amp; Asociados\" \/>\n<meta property=\"article:modified_time\" content=\"2024-04-01T17:51:23+00:00\" \/>\n<meta name=\"twitter:card\" content=\"summary_large_image\" \/>\n<meta name=\"twitter:label1\" content=\"Est. reading time\">\n\t<meta name=\"twitter:data1\" content=\"2 minutos\">\n<script type=\"application\/ld+json\" class=\"yoast-schema-graph\">{\"@context\":\"https:\/\/schema.org\",\"@graph\":[{\"@type\":\"WebSite\",\"@id\":\"https:\/\/bgassociados.com\/es\/#website\",\"url\":\"https:\/\/bgassociados.com\/es\/\",\"name\":\"Branco, Garcia &amp; Asociados\",\"description\":\"Abogados\",\"potentialAction\":[{\"@type\":\"SearchAction\",\"target\":\"https:\/\/bgassociados.com\/es\/?s={search_term_string}\",\"query-input\":\"required name=search_term_string\"}],\"inLanguage\":\"es\"},{\"@type\":\"WebPage\",\"@id\":\"https:\/\/bgassociados.com\/es\/insolvencia\/#webpage\",\"url\":\"https:\/\/bgassociados.com\/es\/insolvencia\/\",\"name\":\"Abogados de Insolv\\u00eancia - Branco, Garcia &amp; Asociados\",\"isPartOf\":{\"@id\":\"https:\/\/bgassociados.com\/es\/#website\"},\"datePublished\":\"2021-01-04T12:33:04+00:00\",\"dateModified\":\"2024-04-01T17:51:23+00:00\",\"description\":\"La salvaci\\u00f3n de una empresa puede ser el Proceso Especial de Revitalizaci\\u00f3n, que est\\u00e1 destinado a empresas en situaci\\u00f3n econ\\u00f3mica dif\\u00edcil\",\"breadcrumb\":{\"@id\":\"https:\/\/bgassociados.com\/es\/insolvencia\/#breadcrumb\"},\"inLanguage\":\"es\",\"potentialAction\":[{\"@type\":\"ReadAction\",\"target\":[\"https:\/\/bgassociados.com\/es\/insolvencia\/\"]}]},{\"@type\":\"BreadcrumbList\",\"@id\":\"https:\/\/bgassociados.com\/es\/insolvencia\/#breadcrumb\",\"itemListElement\":[{\"@type\":\"ListItem\",\"position\":1,\"item\":{\"@type\":\"WebPage\",\"@id\":\"https:\/\/bgassociados.com\/es\/\",\"url\":\"https:\/\/bgassociados.com\/es\/\",\"name\":\"In\\u00edcio\"}},{\"@type\":\"ListItem\",\"position\":2,\"item\":{\"@type\":\"WebPage\",\"@id\":\"https:\/\/bgassociados.com\/es\/insolvencia\/\",\"url\":\"https:\/\/bgassociados.com\/es\/insolvencia\/\",\"name\":\"Insolvencias\"}}]}]}<\/script>\n<!-- \/ Yoast SEO plugin. -->","_links":{"self":[{"href":"https:\/\/bgassociados.com\/es\/wp-json\/wp\/v2\/pages\/137"}],"collection":[{"href":"https:\/\/bgassociados.com\/es\/wp-json\/wp\/v2\/pages"}],"about":[{"href":"https:\/\/bgassociados.com\/es\/wp-json\/wp\/v2\/types\/page"}],"author":[{"embeddable":true,"href":"https:\/\/bgassociados.com\/es\/wp-json\/wp\/v2\/users\/1"}],"replies":[{"embeddable":true,"href":"https:\/\/bgassociados.com\/es\/wp-json\/wp\/v2\/comments?post=137"}],"version-history":[{"count":16,"href":"https:\/\/bgassociados.com\/es\/wp-json\/wp\/v2\/pages\/137\/revisions"}],"predecessor-version":[{"id":446,"href":"https:\/\/bgassociados.com\/es\/wp-json\/wp\/v2\/pages\/137\/revisions\/446"}],"wp:attachment":[{"href":"https:\/\/bgassociados.com\/es\/wp-json\/wp\/v2\/media?parent=137"}],"curies":[{"name":"wp","href":"https:\/\/api.w.org\/{rel}","templated":true}]}}