{"id":169,"date":"2021-01-12T14:41:00","date_gmt":"2021-01-12T14:41:00","guid":{"rendered":"https:\/\/bgassociados.com\/es\/?page_id=169"},"modified":"2024-03-27T17:46:27","modified_gmt":"2024-03-27T17:46:27","slug":"direitopenal","status":"publish","type":"page","link":"https:\/\/bgassociados.com\/es\/direitopenal\/","title":{"rendered":"Derecho Penal"},"content":{"rendered":"<h3>Derecho Penal<\/h3>\n<p>Aseguramos una asesor\u00eda penal con compromiso y estrategia en la defensa de nuestros clientes.<\/p>\n<p>&nbsp;<\/p>\n<ul>\n<li>Preparaci\u00f3n de denuncias penales<\/li>\n<li>Seguimiento de la investigaci\u00f3n judicial: presencia en todas las diligencias ante las autoridades de polic\u00eda criminal y los juzgados de instrucci\u00f3n penal<\/li>\n<li>Defensa de imputados y seguimiento de actuaciones judiciales<\/li>\n<li>Suspensi\u00f3n provisional del proceso<\/li>\n<li>Disposiciones para cambiar la prisi\u00f3n preventiva de los imputados detenidos<\/li>\n<li>Revisi\u00f3n de condenas<\/li>\n<li>Recursos ante la Corte Suprema de Justicia y la Corte Constitucional<\/li>\n<li>Planificaci\u00f3n estrat\u00e9gica de la defensa del proceso penal<\/li>\n<li>Seguimiento de la extradici\u00f3n de nacionales detenidos en el extranjero y extranjeros detenidos en Portugal<\/li>\n<li>Seguimiento de delitos relacionados con la Hacienda P\u00fablica y la Seguridad Social<\/li>\n<li>Preparaci\u00f3n de reclamaciones de indemnizaci\u00f3n<\/li>\n<\/ul>\n","protected":false},"excerpt":{"rendered":"<p>Derecho Penal Aseguramos una asesor\u00eda penal con compromiso y estrategia en la defensa de nuestros<span class=\"excerpt-hellip\"> [\u2026]<\/span><\/p>\n","protected":false},"author":1,"featured_media":0,"parent":0,"menu_order":0,"comment_status":"closed","ping_status":"closed","template":"","meta":[],"yoast_head":"<!-- This site is optimized with the Yoast SEO plugin v15.9.1 - https:\/\/yoast.com\/wordpress\/plugins\/seo\/ -->\n<title>Abogados de Derecho Penal - Branco, Garcia &amp; Asociados<\/title>\n<meta name=\"description\" content=\"Derecho Penal, aseguramos una asesor\u00eda penal con compromiso y estrategia en la defensa de nuestros clientes\" \/>\n<link rel=\"canonical\" href=\"https:\/\/bgassociados.com\/es\/direitopenal\/\" \/>\n<meta property=\"og:locale\" content=\"es_ES\" \/>\n<meta property=\"og:type\" content=\"article\" \/>\n<meta property=\"og:title\" content=\"Abogados de Derecho Penal - Branco, Garcia &amp; Asociados\" \/>\n<meta property=\"og:description\" content=\"Derecho Penal, aseguramos una asesor\u00eda penal con compromiso y estrategia en la defensa de nuestros clientes\" \/>\n<meta property=\"og:url\" content=\"https:\/\/bgassociados.com\/es\/direitopenal\/\" \/>\n<meta property=\"og:site_name\" content=\"Branco, Garcia &amp; Asociados\" \/>\n<meta property=\"article:modified_time\" content=\"2024-03-27T17:46:27+00:00\" \/>\n<meta name=\"twitter:card\" content=\"summary_large_image\" \/>\n<meta name=\"twitter:label1\" content=\"Est. reading time\">\n\t<meta name=\"twitter:data1\" content=\"1 minuto\">\n<script type=\"application\/ld+json\" class=\"yoast-schema-graph\">{\"@context\":\"https:\/\/schema.org\",\"@graph\":[{\"@type\":\"WebSite\",\"@id\":\"https:\/\/bgassociados.com\/es\/#website\",\"url\":\"https:\/\/bgassociados.com\/es\/\",\"name\":\"Branco, Garcia &amp; Asociados\",\"description\":\"Abogados\",\"potentialAction\":[{\"@type\":\"SearchAction\",\"target\":\"https:\/\/bgassociados.com\/es\/?s={search_term_string}\",\"query-input\":\"required name=search_term_string\"}],\"inLanguage\":\"es\"},{\"@type\":\"WebPage\",\"@id\":\"https:\/\/bgassociados.com\/es\/direitopenal\/#webpage\",\"url\":\"https:\/\/bgassociados.com\/es\/direitopenal\/\",\"name\":\"Abogados de Derecho Penal - Branco, Garcia &amp; Asociados\",\"isPartOf\":{\"@id\":\"https:\/\/bgassociados.com\/es\/#website\"},\"datePublished\":\"2021-01-12T14:41:00+00:00\",\"dateModified\":\"2024-03-27T17:46:27+00:00\",\"description\":\"Derecho Penal, aseguramos una asesor\\u00eda penal con compromiso y estrategia en la defensa de nuestros clientes\",\"breadcrumb\":{\"@id\":\"https:\/\/bgassociados.com\/es\/direitopenal\/#breadcrumb\"},\"inLanguage\":\"es\",\"potentialAction\":[{\"@type\":\"ReadAction\",\"target\":[\"https:\/\/bgassociados.com\/es\/direitopenal\/\"]}]},{\"@type\":\"BreadcrumbList\",\"@id\":\"https:\/\/bgassociados.com\/es\/direitopenal\/#breadcrumb\",\"itemListElement\":[{\"@type\":\"ListItem\",\"position\":1,\"item\":{\"@type\":\"WebPage\",\"@id\":\"https:\/\/bgassociados.com\/es\/\",\"url\":\"https:\/\/bgassociados.com\/es\/\",\"name\":\"In\\u00edcio\"}},{\"@type\":\"ListItem\",\"position\":2,\"item\":{\"@type\":\"WebPage\",\"@id\":\"https:\/\/bgassociados.com\/es\/direitopenal\/\",\"url\":\"https:\/\/bgassociados.com\/es\/direitopenal\/\",\"name\":\"Derecho Penal\"}}]}]}<\/script>\n<!-- \/ Yoast SEO plugin. -->","_links":{"self":[{"href":"https:\/\/bgassociados.com\/es\/wp-json\/wp\/v2\/pages\/169"}],"collection":[{"href":"https:\/\/bgassociados.com\/es\/wp-json\/wp\/v2\/pages"}],"about":[{"href":"https:\/\/bgassociados.com\/es\/wp-json\/wp\/v2\/types\/page"}],"author":[{"embeddable":true,"href":"https:\/\/bgassociados.com\/es\/wp-json\/wp\/v2\/users\/1"}],"replies":[{"embeddable":true,"href":"https:\/\/bgassociados.com\/es\/wp-json\/wp\/v2\/comments?post=169"}],"version-history":[{"count":10,"href":"https:\/\/bgassociados.com\/es\/wp-json\/wp\/v2\/pages\/169\/revisions"}],"predecessor-version":[{"id":443,"href":"https:\/\/bgassociados.com\/es\/wp-json\/wp\/v2\/pages\/169\/revisions\/443"}],"wp:attachment":[{"href":"https:\/\/bgassociados.com\/es\/wp-json\/wp\/v2\/media?parent=169"}],"curies":[{"name":"wp","href":"https:\/\/api.w.org\/{rel}","templated":true}]}}