{"id":186,"date":"2021-01-12T14:54:42","date_gmt":"2021-01-12T14:54:42","guid":{"rendered":"https:\/\/bgassociados.com\/es\/?page_id=186"},"modified":"2024-04-01T18:45:03","modified_gmt":"2024-04-01T17:45:03","slug":"contraordenacoes","status":"publish","type":"page","link":"https:\/\/bgassociados.com\/es\/contraordenacoes\/","title":{"rendered":"Infracciones administrativas"},"content":{"rendered":"<h3>Infracciones administrativas<\/h3>\n<p style=\"text-align: justify;\">En el \u00e1mbito de las infracciones administrativas, Branco Garcia &amp; Associados tiene una amplia experiencia en la defensa de clientes en casos de infracciones de circulaci\u00f3n. Envi\u00e1ndonos una copia de la notificaci\u00f3n de una infracci\u00f3n administrativa, podemos presentar inmediatamente las mejores soluciones para defender sus intereses.<\/p>\n<p>&nbsp;<\/p>\n<ul>\n<li>Contencioso administrativo en casos de infracciones al C\u00f3digo de Circulaci\u00f3n;<\/li>\n<li>Recurso judicial en materia de infracciones;<\/li>\n<li>Otras infracciones administrativas;<\/li>\n<\/ul>\n","protected":false},"excerpt":{"rendered":"<p>Infracciones administrativas En el \u00e1mbito de las infracciones administrativas, Branco Garcia &amp; Associados tiene una<span class=\"excerpt-hellip\"> [\u2026]<\/span><\/p>\n","protected":false},"author":1,"featured_media":0,"parent":0,"menu_order":0,"comment_status":"closed","ping_status":"closed","template":"","meta":[],"yoast_head":"<!-- This site is optimized with the Yoast SEO plugin v15.9.1 - https:\/\/yoast.com\/wordpress\/plugins\/seo\/ -->\n<title>Abogados de Infracciones administrativas - Branco, Garcia &amp; Asociados<\/title>\n<meta name=\"description\" content=\"En el \u00e1mbito de las infracciones administrativas, tienemos una amplia experiencia en la defensa de clientes en casos de infracciones de circulaci\u00f3n\" \/>\n<link rel=\"canonical\" href=\"https:\/\/bgassociados.com\/es\/contraordenacoes\/\" \/>\n<meta property=\"og:locale\" content=\"es_ES\" \/>\n<meta property=\"og:type\" content=\"article\" \/>\n<meta property=\"og:title\" content=\"Abogados de Infracciones administrativas - Branco, Garcia &amp; Asociados\" \/>\n<meta property=\"og:description\" content=\"En el \u00e1mbito de las infracciones administrativas, tienemos una amplia experiencia en la defensa de clientes en casos de infracciones de circulaci\u00f3n\" \/>\n<meta property=\"og:url\" content=\"https:\/\/bgassociados.com\/es\/contraordenacoes\/\" \/>\n<meta property=\"og:site_name\" content=\"Branco, Garcia &amp; Asociados\" \/>\n<meta property=\"article:modified_time\" content=\"2024-04-01T17:45:03+00:00\" \/>\n<meta name=\"twitter:card\" content=\"summary_large_image\" \/>\n<meta name=\"twitter:label1\" content=\"Est. reading time\">\n\t<meta name=\"twitter:data1\" content=\"1 minuto\">\n<script type=\"application\/ld+json\" class=\"yoast-schema-graph\">{\"@context\":\"https:\/\/schema.org\",\"@graph\":[{\"@type\":\"WebSite\",\"@id\":\"https:\/\/bgassociados.com\/es\/#website\",\"url\":\"https:\/\/bgassociados.com\/es\/\",\"name\":\"Branco, Garcia &amp; Asociados\",\"description\":\"Abogados\",\"potentialAction\":[{\"@type\":\"SearchAction\",\"target\":\"https:\/\/bgassociados.com\/es\/?s={search_term_string}\",\"query-input\":\"required name=search_term_string\"}],\"inLanguage\":\"es\"},{\"@type\":\"WebPage\",\"@id\":\"https:\/\/bgassociados.com\/es\/contraordenacoes\/#webpage\",\"url\":\"https:\/\/bgassociados.com\/es\/contraordenacoes\/\",\"name\":\"Abogados de Infracciones administrativas - Branco, Garcia &amp; Asociados\",\"isPartOf\":{\"@id\":\"https:\/\/bgassociados.com\/es\/#website\"},\"datePublished\":\"2021-01-12T14:54:42+00:00\",\"dateModified\":\"2024-04-01T17:45:03+00:00\",\"description\":\"En el \\u00e1mbito de las infracciones administrativas, tienemos una amplia experiencia en la defensa de clientes en casos de infracciones de circulaci\\u00f3n\",\"breadcrumb\":{\"@id\":\"https:\/\/bgassociados.com\/es\/contraordenacoes\/#breadcrumb\"},\"inLanguage\":\"es\",\"potentialAction\":[{\"@type\":\"ReadAction\",\"target\":[\"https:\/\/bgassociados.com\/es\/contraordenacoes\/\"]}]},{\"@type\":\"BreadcrumbList\",\"@id\":\"https:\/\/bgassociados.com\/es\/contraordenacoes\/#breadcrumb\",\"itemListElement\":[{\"@type\":\"ListItem\",\"position\":1,\"item\":{\"@type\":\"WebPage\",\"@id\":\"https:\/\/bgassociados.com\/es\/\",\"url\":\"https:\/\/bgassociados.com\/es\/\",\"name\":\"In\\u00edcio\"}},{\"@type\":\"ListItem\",\"position\":2,\"item\":{\"@type\":\"WebPage\",\"@id\":\"https:\/\/bgassociados.com\/es\/contraordenacoes\/\",\"url\":\"https:\/\/bgassociados.com\/es\/contraordenacoes\/\",\"name\":\"Infracciones administrativas\"}}]}]}<\/script>\n<!-- \/ Yoast SEO plugin. -->","_links":{"self":[{"href":"https:\/\/bgassociados.com\/es\/wp-json\/wp\/v2\/pages\/186"}],"collection":[{"href":"https:\/\/bgassociados.com\/es\/wp-json\/wp\/v2\/pages"}],"about":[{"href":"https:\/\/bgassociados.com\/es\/wp-json\/wp\/v2\/types\/page"}],"author":[{"embeddable":true,"href":"https:\/\/bgassociados.com\/es\/wp-json\/wp\/v2\/users\/1"}],"replies":[{"embeddable":true,"href":"https:\/\/bgassociados.com\/es\/wp-json\/wp\/v2\/comments?post=186"}],"version-history":[{"count":12,"href":"https:\/\/bgassociados.com\/es\/wp-json\/wp\/v2\/pages\/186\/revisions"}],"predecessor-version":[{"id":471,"href":"https:\/\/bgassociados.com\/es\/wp-json\/wp\/v2\/pages\/186\/revisions\/471"}],"wp:attachment":[{"href":"https:\/\/bgassociados.com\/es\/wp-json\/wp\/v2\/media?parent=186"}],"curies":[{"name":"wp","href":"https:\/\/api.w.org\/{rel}","templated":true}]}}