{"id":188,"date":"2021-01-12T15:04:10","date_gmt":"2021-01-12T15:04:10","guid":{"rendered":"https:\/\/bgassociados.com\/es\/?page_id=188"},"modified":"2024-04-01T18:45:58","modified_gmt":"2024-04-01T17:45:58","slug":"direitotrabalho","status":"publish","type":"page","link":"https:\/\/bgassociados.com\/es\/direitotrabalho\/","title":{"rendered":"Derecho Laboral"},"content":{"rendered":"<h3>Derecho Laboral<\/h3>\n<p style=\"text-align: justify;\">Ofrecemos todo tipo de asesor\u00eda laboral, con experiencia patrocinando a empleadores y trabajadores, brind\u00e1ndonos una visi\u00f3n integral en la soluci\u00f3n de problemas, ya sea en la gesti\u00f3n de los recursos humanos, ya sea desde la perspectiva de la trabajador.<\/p>\n<p>&nbsp;<\/p>\n<ul>\n<li>Apoyo permanente y regular a los departamentos de RRHH de las empresas;<\/li>\n<li>Negociaci\u00f3n de terminaciones de contratos individuales de trabajo;<\/li>\n<li>Elaboraci\u00f3n de contratos de trabajo;<\/li>\n<li>Desarrollo de expedientes sancionadores y despidos de trabajadores;<\/li>\n<li>Acciones derivadas de accidentes de trabajo y enfermedades profesionales;<\/li>\n<li>Cr\u00e9ditos de empleo<\/li>\n<\/ul>\n","protected":false},"excerpt":{"rendered":"<p>Derecho Laboral Ofrecemos todo tipo de asesor\u00eda laboral, con experiencia patrocinando a empleadores y trabajadores,<span class=\"excerpt-hellip\"> [\u2026]<\/span><\/p>\n","protected":false},"author":1,"featured_media":0,"parent":0,"menu_order":0,"comment_status":"closed","ping_status":"closed","template":"","meta":[],"yoast_head":"<!-- This site is optimized with the Yoast SEO plugin v15.9.1 - https:\/\/yoast.com\/wordpress\/plugins\/seo\/ -->\n<title>Abogados de Derecho Laboral - Branco, Garcia &amp; Asociados<\/title>\n<meta name=\"description\" content=\"Asesor\u00eda laboral, con experiencia patrocinando a empleadores y trabajadores, brind\u00e1ndonos una visi\u00f3n integral en la soluci\u00f3n de problemas\" \/>\n<link rel=\"canonical\" href=\"https:\/\/bgassociados.com\/es\/direitotrabalho\/\" \/>\n<meta property=\"og:locale\" content=\"es_ES\" \/>\n<meta property=\"og:type\" content=\"article\" \/>\n<meta property=\"og:title\" content=\"Abogados de Derecho Laboral - Branco, Garcia &amp; Asociados\" \/>\n<meta property=\"og:description\" content=\"Asesor\u00eda laboral, con experiencia patrocinando a empleadores y trabajadores, brind\u00e1ndonos una visi\u00f3n integral en la soluci\u00f3n de problemas\" \/>\n<meta property=\"og:url\" content=\"https:\/\/bgassociados.com\/es\/direitotrabalho\/\" \/>\n<meta property=\"og:site_name\" content=\"Branco, Garcia &amp; Asociados\" \/>\n<meta property=\"article:modified_time\" content=\"2024-04-01T17:45:58+00:00\" \/>\n<meta name=\"twitter:card\" content=\"summary_large_image\" \/>\n<meta name=\"twitter:label1\" content=\"Est. reading time\">\n\t<meta name=\"twitter:data1\" content=\"1 minuto\">\n<script type=\"application\/ld+json\" class=\"yoast-schema-graph\">{\"@context\":\"https:\/\/schema.org\",\"@graph\":[{\"@type\":\"WebSite\",\"@id\":\"https:\/\/bgassociados.com\/es\/#website\",\"url\":\"https:\/\/bgassociados.com\/es\/\",\"name\":\"Branco, Garcia &amp; Asociados\",\"description\":\"Abogados\",\"potentialAction\":[{\"@type\":\"SearchAction\",\"target\":\"https:\/\/bgassociados.com\/es\/?s={search_term_string}\",\"query-input\":\"required name=search_term_string\"}],\"inLanguage\":\"es\"},{\"@type\":\"WebPage\",\"@id\":\"https:\/\/bgassociados.com\/es\/direitotrabalho\/#webpage\",\"url\":\"https:\/\/bgassociados.com\/es\/direitotrabalho\/\",\"name\":\"Abogados de Derecho Laboral - Branco, Garcia &amp; Asociados\",\"isPartOf\":{\"@id\":\"https:\/\/bgassociados.com\/es\/#website\"},\"datePublished\":\"2021-01-12T15:04:10+00:00\",\"dateModified\":\"2024-04-01T17:45:58+00:00\",\"description\":\"Asesor\\u00eda laboral, con experiencia patrocinando a empleadores y trabajadores, brind\\u00e1ndonos una visi\\u00f3n integral en la soluci\\u00f3n de problemas\",\"breadcrumb\":{\"@id\":\"https:\/\/bgassociados.com\/es\/direitotrabalho\/#breadcrumb\"},\"inLanguage\":\"es\",\"potentialAction\":[{\"@type\":\"ReadAction\",\"target\":[\"https:\/\/bgassociados.com\/es\/direitotrabalho\/\"]}]},{\"@type\":\"BreadcrumbList\",\"@id\":\"https:\/\/bgassociados.com\/es\/direitotrabalho\/#breadcrumb\",\"itemListElement\":[{\"@type\":\"ListItem\",\"position\":1,\"item\":{\"@type\":\"WebPage\",\"@id\":\"https:\/\/bgassociados.com\/es\/\",\"url\":\"https:\/\/bgassociados.com\/es\/\",\"name\":\"In\\u00edcio\"}},{\"@type\":\"ListItem\",\"position\":2,\"item\":{\"@type\":\"WebPage\",\"@id\":\"https:\/\/bgassociados.com\/es\/direitotrabalho\/\",\"url\":\"https:\/\/bgassociados.com\/es\/direitotrabalho\/\",\"name\":\"Derecho Laboral\"}}]}]}<\/script>\n<!-- \/ Yoast SEO plugin. -->","_links":{"self":[{"href":"https:\/\/bgassociados.com\/es\/wp-json\/wp\/v2\/pages\/188"}],"collection":[{"href":"https:\/\/bgassociados.com\/es\/wp-json\/wp\/v2\/pages"}],"about":[{"href":"https:\/\/bgassociados.com\/es\/wp-json\/wp\/v2\/types\/page"}],"author":[{"embeddable":true,"href":"https:\/\/bgassociados.com\/es\/wp-json\/wp\/v2\/users\/1"}],"replies":[{"embeddable":true,"href":"https:\/\/bgassociados.com\/es\/wp-json\/wp\/v2\/comments?post=188"}],"version-history":[{"count":7,"href":"https:\/\/bgassociados.com\/es\/wp-json\/wp\/v2\/pages\/188\/revisions"}],"predecessor-version":[{"id":470,"href":"https:\/\/bgassociados.com\/es\/wp-json\/wp\/v2\/pages\/188\/revisions\/470"}],"wp:attachment":[{"href":"https:\/\/bgassociados.com\/es\/wp-json\/wp\/v2\/media?parent=188"}],"curies":[{"name":"wp","href":"https:\/\/api.w.org\/{rel}","templated":true}]}}