{"id":190,"date":"2021-01-12T15:07:10","date_gmt":"2021-01-12T15:07:10","guid":{"rendered":"https:\/\/bgassociados.com\/es\/?page_id=190"},"modified":"2024-04-01T18:47:34","modified_gmt":"2024-04-01T17:47:34","slug":"direitocomercial","status":"publish","type":"page","link":"https:\/\/bgassociados.com\/es\/direitocomercial\/","title":{"rendered":"Derecho Mercantil"},"content":{"rendered":"<h3>Derecho Mercantil<\/h3>\n<p style=\"text-align: allow;\">Ofrecemos asesoramiento jur\u00eddico especializado y transversal, con especial enfoque en la soluci\u00f3n de los problemas del d\u00eda a d\u00eda de la empresa, teniendo en cuenta las especificidades de su negocio.&lt;\/p &gt;<\/p>\n<p style=\"text-align: allow;\">Privilegiamos una perspectiva preventiva (cumplimiento y an\u00e1lisis de riesgos), buscando siempre las mejores condiciones para resolver conflictos y maximizar los m\u00e9todos de trabajo.<\/p>\n<p style=\"text-align: allow;\">Tambi\u00e9n prestamos especial atenci\u00f3n a la recuperaci\u00f3n de cr\u00e9dito. La rapidez en el pre-litigio y la actuaci\u00f3n judicial en los procesos de recuperaci\u00f3n de cr\u00e9ditos es clave para el \u00e9xito de nuestro trabajo.<\/p>\n<p>&nbsp;<\/p>\n<ul>\n<li>Consultor\u00eda en gesti\u00f3n de empresas;<\/li>\n<li>Cobro de deudas y recuperaci\u00f3n de cr\u00e9ditos;<\/li>\n<li>Constituci\u00f3n, modificaci\u00f3n, adquisiciones y fusiones de sociedades y sucursales;<\/li>\n<li>Redacci\u00f3n de contratos comerciales;<\/li>\n<\/ul>\n","protected":false},"excerpt":{"rendered":"<p>Derecho Mercantil Ofrecemos asesoramiento jur\u00eddico especializado y transversal, con especial enfoque en la soluci\u00f3n de<span class=\"excerpt-hellip\"> [\u2026]<\/span><\/p>\n","protected":false},"author":1,"featured_media":0,"parent":0,"menu_order":0,"comment_status":"closed","ping_status":"closed","template":"","meta":[],"yoast_head":"<!-- This site is optimized with the Yoast SEO plugin v15.9.1 - https:\/\/yoast.com\/wordpress\/plugins\/seo\/ -->\n<title>Abogados de Derecho Mercantil - Branco, Garcia &amp; Asociados<\/title>\n<meta name=\"description\" content=\"Asesoramiento jur\u00eddico especializado y transversal, con especial enfoque en la soluci\u00f3n de los problemas del d\u00eda a d\u00eda de la empresa\" \/>\n<link rel=\"canonical\" href=\"https:\/\/bgassociados.com\/es\/direitocomercial\/\" \/>\n<meta property=\"og:locale\" content=\"es_ES\" \/>\n<meta property=\"og:type\" content=\"article\" \/>\n<meta property=\"og:title\" content=\"Abogados de Derecho Mercantil - Branco, Garcia &amp; Asociados\" \/>\n<meta property=\"og:description\" content=\"Asesoramiento jur\u00eddico especializado y transversal, con especial enfoque en la soluci\u00f3n de los problemas del d\u00eda a d\u00eda de la empresa\" \/>\n<meta property=\"og:url\" content=\"https:\/\/bgassociados.com\/es\/direitocomercial\/\" \/>\n<meta property=\"og:site_name\" content=\"Branco, Garcia &amp; Asociados\" \/>\n<meta property=\"article:modified_time\" content=\"2024-04-01T17:47:34+00:00\" \/>\n<meta name=\"twitter:card\" content=\"summary_large_image\" \/>\n<meta name=\"twitter:label1\" content=\"Est. reading time\">\n\t<meta name=\"twitter:data1\" content=\"1 minuto\">\n<script type=\"application\/ld+json\" class=\"yoast-schema-graph\">{\"@context\":\"https:\/\/schema.org\",\"@graph\":[{\"@type\":\"WebSite\",\"@id\":\"https:\/\/bgassociados.com\/es\/#website\",\"url\":\"https:\/\/bgassociados.com\/es\/\",\"name\":\"Branco, Garcia &amp; Asociados\",\"description\":\"Abogados\",\"potentialAction\":[{\"@type\":\"SearchAction\",\"target\":\"https:\/\/bgassociados.com\/es\/?s={search_term_string}\",\"query-input\":\"required name=search_term_string\"}],\"inLanguage\":\"es\"},{\"@type\":\"WebPage\",\"@id\":\"https:\/\/bgassociados.com\/es\/direitocomercial\/#webpage\",\"url\":\"https:\/\/bgassociados.com\/es\/direitocomercial\/\",\"name\":\"Abogados de Derecho Mercantil - Branco, Garcia &amp; Asociados\",\"isPartOf\":{\"@id\":\"https:\/\/bgassociados.com\/es\/#website\"},\"datePublished\":\"2021-01-12T15:07:10+00:00\",\"dateModified\":\"2024-04-01T17:47:34+00:00\",\"description\":\"Asesoramiento jur\\u00eddico especializado y transversal, con especial enfoque en la soluci\\u00f3n de los problemas del d\\u00eda a d\\u00eda de la empresa\",\"breadcrumb\":{\"@id\":\"https:\/\/bgassociados.com\/es\/direitocomercial\/#breadcrumb\"},\"inLanguage\":\"es\",\"potentialAction\":[{\"@type\":\"ReadAction\",\"target\":[\"https:\/\/bgassociados.com\/es\/direitocomercial\/\"]}]},{\"@type\":\"BreadcrumbList\",\"@id\":\"https:\/\/bgassociados.com\/es\/direitocomercial\/#breadcrumb\",\"itemListElement\":[{\"@type\":\"ListItem\",\"position\":1,\"item\":{\"@type\":\"WebPage\",\"@id\":\"https:\/\/bgassociados.com\/es\/\",\"url\":\"https:\/\/bgassociados.com\/es\/\",\"name\":\"In\\u00edcio\"}},{\"@type\":\"ListItem\",\"position\":2,\"item\":{\"@type\":\"WebPage\",\"@id\":\"https:\/\/bgassociados.com\/es\/direitocomercial\/\",\"url\":\"https:\/\/bgassociados.com\/es\/direitocomercial\/\",\"name\":\"Derecho Mercantil\"}}]}]}<\/script>\n<!-- \/ Yoast SEO plugin. -->","_links":{"self":[{"href":"https:\/\/bgassociados.com\/es\/wp-json\/wp\/v2\/pages\/190"}],"collection":[{"href":"https:\/\/bgassociados.com\/es\/wp-json\/wp\/v2\/pages"}],"about":[{"href":"https:\/\/bgassociados.com\/es\/wp-json\/wp\/v2\/types\/page"}],"author":[{"embeddable":true,"href":"https:\/\/bgassociados.com\/es\/wp-json\/wp\/v2\/users\/1"}],"replies":[{"embeddable":true,"href":"https:\/\/bgassociados.com\/es\/wp-json\/wp\/v2\/comments?post=190"}],"version-history":[{"count":13,"href":"https:\/\/bgassociados.com\/es\/wp-json\/wp\/v2\/pages\/190\/revisions"}],"predecessor-version":[{"id":469,"href":"https:\/\/bgassociados.com\/es\/wp-json\/wp\/v2\/pages\/190\/revisions\/469"}],"wp:attachment":[{"href":"https:\/\/bgassociados.com\/es\/wp-json\/wp\/v2\/media?parent=190"}],"curies":[{"name":"wp","href":"https:\/\/api.w.org\/{rel}","templated":true}]}}