{"id":201,"date":"2021-01-12T15:26:04","date_gmt":"2021-01-12T15:26:04","guid":{"rendered":"https:\/\/bgassociados.com\/es\/?page_id=201"},"modified":"2024-04-01T18:54:39","modified_gmt":"2024-04-01T17:54:39","slug":"direitoadministrativofiscal","status":"publish","type":"page","link":"https:\/\/bgassociados.com\/es\/direitoadministrativofiscal\/","title":{"rendered":"Derecho Administrativo y Tributario"},"content":{"rendered":"<h3>Derecho Administrativo y Tributario<\/h3>\n<p style=\"text-align: allow;\">El derecho tributario ha cobrado una importancia central en las necesidades de nuestros clientes debido al aumento exponencial de las disputas con la Autoridad Tributaria y Aduanera.<\/p>\n<p style=\"text-align: allow;\">El asesoramiento fiscal es cada vez m\u00e1s preponderante en la vida de las personas y empresas, y el asesoramiento fiscal preventivo es fundamental.<\/p>\n<p style=\"text-align: justify;\">En este \u00e1mbito en particular, favorecemos la resoluci\u00f3n extrajudicial de conflictos siempre que sea posible, a trav\u00e9s de Centros de Arbitraje, donde se obtiene una sentencia equivalente a la judicial en un corto espacio de tiempo, en comparaci\u00f3n ante los tribunales administrativos, fiscales y tributarios.<\/p>\n<p>&nbsp;<\/p>\n<ul>\n<li>Asesor\u00eda fiscal<\/li>\n<li>Gesti\u00f3n de activos, incluida la evaluaci\u00f3n de posibles contingencias y nuevas soluciones<\/li>\n<li>Litigios fiscales<\/li>\n<li>Litigio Administrativo<\/li>\n<\/ul>\n","protected":false},"excerpt":{"rendered":"<p>Derecho Administrativo y Tributario El derecho tributario ha cobrado una importancia central en las necesidades<span class=\"excerpt-hellip\"> [\u2026]<\/span><\/p>\n","protected":false},"author":1,"featured_media":0,"parent":0,"menu_order":0,"comment_status":"closed","ping_status":"closed","template":"","meta":[],"yoast_head":"<!-- This site is optimized with the Yoast SEO plugin v15.9.1 - https:\/\/yoast.com\/wordpress\/plugins\/seo\/ -->\n<title>Derecho Administrativo y Tributario - Branco, Garcia &amp; Asociados<\/title>\n<meta name=\"description\" content=\"El asesoramiento fiscal es cada vez m\u00e1s preponderante en la vida de las personas y empresas, y el asesoramiento fiscal preventivo es fundamental.\" \/>\n<link rel=\"canonical\" href=\"https:\/\/bgassociados.com\/es\/direitoadministrativofiscal\/\" \/>\n<meta property=\"og:locale\" content=\"es_ES\" \/>\n<meta property=\"og:type\" content=\"article\" \/>\n<meta property=\"og:title\" content=\"Derecho Administrativo y Tributario - Branco, Garcia &amp; Asociados\" \/>\n<meta property=\"og:description\" content=\"El asesoramiento fiscal es cada vez m\u00e1s preponderante en la vida de las personas y empresas, y el asesoramiento fiscal preventivo es fundamental.\" \/>\n<meta property=\"og:url\" content=\"https:\/\/bgassociados.com\/es\/direitoadministrativofiscal\/\" \/>\n<meta property=\"og:site_name\" content=\"Branco, Garcia &amp; Asociados\" \/>\n<meta property=\"article:modified_time\" content=\"2024-04-01T17:54:39+00:00\" \/>\n<meta name=\"twitter:card\" content=\"summary_large_image\" \/>\n<meta name=\"twitter:label1\" content=\"Est. reading time\">\n\t<meta name=\"twitter:data1\" content=\"1 minuto\">\n<script type=\"application\/ld+json\" class=\"yoast-schema-graph\">{\"@context\":\"https:\/\/schema.org\",\"@graph\":[{\"@type\":\"WebSite\",\"@id\":\"https:\/\/bgassociados.com\/es\/#website\",\"url\":\"https:\/\/bgassociados.com\/es\/\",\"name\":\"Branco, Garcia &amp; Asociados\",\"description\":\"Abogados\",\"potentialAction\":[{\"@type\":\"SearchAction\",\"target\":\"https:\/\/bgassociados.com\/es\/?s={search_term_string}\",\"query-input\":\"required name=search_term_string\"}],\"inLanguage\":\"es\"},{\"@type\":\"WebPage\",\"@id\":\"https:\/\/bgassociados.com\/es\/direitoadministrativofiscal\/#webpage\",\"url\":\"https:\/\/bgassociados.com\/es\/direitoadministrativofiscal\/\",\"name\":\"Derecho Administrativo y Tributario - Branco, Garcia &amp; Asociados\",\"isPartOf\":{\"@id\":\"https:\/\/bgassociados.com\/es\/#website\"},\"datePublished\":\"2021-01-12T15:26:04+00:00\",\"dateModified\":\"2024-04-01T17:54:39+00:00\",\"description\":\"El asesoramiento fiscal es cada vez m\\u00e1s preponderante en la vida de las personas y empresas, y el asesoramiento fiscal preventivo es fundamental.\",\"breadcrumb\":{\"@id\":\"https:\/\/bgassociados.com\/es\/direitoadministrativofiscal\/#breadcrumb\"},\"inLanguage\":\"es\",\"potentialAction\":[{\"@type\":\"ReadAction\",\"target\":[\"https:\/\/bgassociados.com\/es\/direitoadministrativofiscal\/\"]}]},{\"@type\":\"BreadcrumbList\",\"@id\":\"https:\/\/bgassociados.com\/es\/direitoadministrativofiscal\/#breadcrumb\",\"itemListElement\":[{\"@type\":\"ListItem\",\"position\":1,\"item\":{\"@type\":\"WebPage\",\"@id\":\"https:\/\/bgassociados.com\/es\/\",\"url\":\"https:\/\/bgassociados.com\/es\/\",\"name\":\"In\\u00edcio\"}},{\"@type\":\"ListItem\",\"position\":2,\"item\":{\"@type\":\"WebPage\",\"@id\":\"https:\/\/bgassociados.com\/es\/direitoadministrativofiscal\/\",\"url\":\"https:\/\/bgassociados.com\/es\/direitoadministrativofiscal\/\",\"name\":\"Derecho Administrativo y Tributario\"}}]}]}<\/script>\n<!-- \/ Yoast SEO plugin. -->","_links":{"self":[{"href":"https:\/\/bgassociados.com\/es\/wp-json\/wp\/v2\/pages\/201"}],"collection":[{"href":"https:\/\/bgassociados.com\/es\/wp-json\/wp\/v2\/pages"}],"about":[{"href":"https:\/\/bgassociados.com\/es\/wp-json\/wp\/v2\/types\/page"}],"author":[{"embeddable":true,"href":"https:\/\/bgassociados.com\/es\/wp-json\/wp\/v2\/users\/1"}],"replies":[{"embeddable":true,"href":"https:\/\/bgassociados.com\/es\/wp-json\/wp\/v2\/comments?post=201"}],"version-history":[{"count":16,"href":"https:\/\/bgassociados.com\/es\/wp-json\/wp\/v2\/pages\/201\/revisions"}],"predecessor-version":[{"id":472,"href":"https:\/\/bgassociados.com\/es\/wp-json\/wp\/v2\/pages\/201\/revisions\/472"}],"wp:attachment":[{"href":"https:\/\/bgassociados.com\/es\/wp-json\/wp\/v2\/media?parent=201"}],"curies":[{"name":"wp","href":"https:\/\/api.w.org\/{rel}","templated":true}]}}