{"id":205,"date":"2021-01-12T15:36:09","date_gmt":"2021-01-12T15:36:09","guid":{"rendered":"https:\/\/bgassociados.com\/es\/?page_id=205"},"modified":"2024-04-01T18:55:30","modified_gmt":"2024-04-01T17:55:30","slug":"direitoimobiliario","status":"publish","type":"page","link":"https:\/\/bgassociados.com\/es\/direitoimobiliario\/","title":{"rendered":"Derecho Inmobiliario"},"content":{"rendered":"<h3>Derecho Inmobiliario<\/h3>\n<p style=\"text-align: allow;\">Es la rama del derecho que trata y regula diversos aspectos relacionados con los bienes inmuebles. Tratamos de satisfacer las necesidades de nuestros Clientes maximizando nuestros servicios y tratando de brindar un servicio completo e integral en las transacciones inmobiliarias.<\/p>\n<p style=\"text-align: allow;\">En este \u00e1mbito tambi\u00e9n prestamos especial atenci\u00f3n a nuestros clientes extranjeros, donde hacemos un seguimiento y asesoramos sobre el mejor tipo de inversi\u00f3n, teniendo en cuenta sus particularidades, ya sea para obtener una autorizaci\u00f3n de residencia para actividades de inversi\u00f3n (ARI) o m\u00e1s conocida como Golden Visa, ya sea para establecer residencia en Portugal.<\/p>\n<p style=\"text-align: allow;\">Los servicios que cubre la Oficina dan como resultado una amplia gama de opciones, siempre con un enfoque r\u00e1pido y eficiente.<\/p>\n<p>&nbsp;<\/p>\n<ul>\n<li>Inversi\u00f3n extranjera en Portugal;<\/li>\n<li>Compra y venta;<\/li>\n<li>arrendamiento;<\/li>\n<li>Permutas, constituci\u00f3n de usufructos, pr\u00e9stamos;<\/li>\n<li>Contratos de promesa;<\/li>\n<li>Garant\u00edas;<\/li>\n<li>Contratos de Trabajo;<\/li>\n<li>Defectos de construcci\u00f3n;<\/li>\n<li>Condominios.<\/li>\n<\/ul>\n","protected":false},"excerpt":{"rendered":"<p>Derecho Inmobiliario Es la rama del derecho que trata y regula diversos aspectos relacionados con<span class=\"excerpt-hellip\"> [\u2026]<\/span><\/p>\n","protected":false},"author":1,"featured_media":0,"parent":0,"menu_order":0,"comment_status":"closed","ping_status":"closed","template":"","meta":[],"yoast_head":"<!-- This site is optimized with the Yoast SEO plugin v15.9.1 - https:\/\/yoast.com\/wordpress\/plugins\/seo\/ -->\n<title>Abogados de Derecho Inmobiliario - Branco, Garcia &amp; Asociados<\/title>\n<meta name=\"description\" content=\"Autorizaci\u00f3n de residencia para actividades de inversi\u00f3n o m\u00e1s conocida como Golden Visa, ya sea para establecer residencia en Portugal.\" \/>\n<link rel=\"canonical\" href=\"https:\/\/bgassociados.com\/es\/direitoimobiliario\/\" \/>\n<meta property=\"og:locale\" content=\"es_ES\" \/>\n<meta property=\"og:type\" content=\"article\" \/>\n<meta property=\"og:title\" content=\"Abogados de Derecho Inmobiliario - Branco, Garcia &amp; Asociados\" \/>\n<meta property=\"og:description\" content=\"Autorizaci\u00f3n de residencia para actividades de inversi\u00f3n o m\u00e1s conocida como Golden Visa, ya sea para establecer residencia en Portugal.\" \/>\n<meta property=\"og:url\" content=\"https:\/\/bgassociados.com\/es\/direitoimobiliario\/\" \/>\n<meta property=\"og:site_name\" content=\"Branco, Garcia &amp; Asociados\" \/>\n<meta property=\"article:modified_time\" content=\"2024-04-01T17:55:30+00:00\" \/>\n<meta name=\"twitter:card\" content=\"summary_large_image\" \/>\n<meta name=\"twitter:label1\" content=\"Est. reading time\">\n\t<meta name=\"twitter:data1\" content=\"1 minuto\">\n<script type=\"application\/ld+json\" class=\"yoast-schema-graph\">{\"@context\":\"https:\/\/schema.org\",\"@graph\":[{\"@type\":\"WebSite\",\"@id\":\"https:\/\/bgassociados.com\/es\/#website\",\"url\":\"https:\/\/bgassociados.com\/es\/\",\"name\":\"Branco, Garcia &amp; Asociados\",\"description\":\"Abogados\",\"potentialAction\":[{\"@type\":\"SearchAction\",\"target\":\"https:\/\/bgassociados.com\/es\/?s={search_term_string}\",\"query-input\":\"required name=search_term_string\"}],\"inLanguage\":\"es\"},{\"@type\":\"WebPage\",\"@id\":\"https:\/\/bgassociados.com\/es\/direitoimobiliario\/#webpage\",\"url\":\"https:\/\/bgassociados.com\/es\/direitoimobiliario\/\",\"name\":\"Abogados de Derecho Inmobiliario - Branco, Garcia &amp; Asociados\",\"isPartOf\":{\"@id\":\"https:\/\/bgassociados.com\/es\/#website\"},\"datePublished\":\"2021-01-12T15:36:09+00:00\",\"dateModified\":\"2024-04-01T17:55:30+00:00\",\"description\":\"Autorizaci\\u00f3n de residencia para actividades de inversi\\u00f3n o m\\u00e1s conocida como Golden Visa, ya sea para establecer residencia en Portugal.\",\"breadcrumb\":{\"@id\":\"https:\/\/bgassociados.com\/es\/direitoimobiliario\/#breadcrumb\"},\"inLanguage\":\"es\",\"potentialAction\":[{\"@type\":\"ReadAction\",\"target\":[\"https:\/\/bgassociados.com\/es\/direitoimobiliario\/\"]}]},{\"@type\":\"BreadcrumbList\",\"@id\":\"https:\/\/bgassociados.com\/es\/direitoimobiliario\/#breadcrumb\",\"itemListElement\":[{\"@type\":\"ListItem\",\"position\":1,\"item\":{\"@type\":\"WebPage\",\"@id\":\"https:\/\/bgassociados.com\/es\/\",\"url\":\"https:\/\/bgassociados.com\/es\/\",\"name\":\"In\\u00edcio\"}},{\"@type\":\"ListItem\",\"position\":2,\"item\":{\"@type\":\"WebPage\",\"@id\":\"https:\/\/bgassociados.com\/es\/direitoimobiliario\/\",\"url\":\"https:\/\/bgassociados.com\/es\/direitoimobiliario\/\",\"name\":\"Derecho Inmobiliario\"}}]}]}<\/script>\n<!-- \/ Yoast SEO plugin. -->","_links":{"self":[{"href":"https:\/\/bgassociados.com\/es\/wp-json\/wp\/v2\/pages\/205"}],"collection":[{"href":"https:\/\/bgassociados.com\/es\/wp-json\/wp\/v2\/pages"}],"about":[{"href":"https:\/\/bgassociados.com\/es\/wp-json\/wp\/v2\/types\/page"}],"author":[{"embeddable":true,"href":"https:\/\/bgassociados.com\/es\/wp-json\/wp\/v2\/users\/1"}],"replies":[{"embeddable":true,"href":"https:\/\/bgassociados.com\/es\/wp-json\/wp\/v2\/comments?post=205"}],"version-history":[{"count":10,"href":"https:\/\/bgassociados.com\/es\/wp-json\/wp\/v2\/pages\/205\/revisions"}],"predecessor-version":[{"id":450,"href":"https:\/\/bgassociados.com\/es\/wp-json\/wp\/v2\/pages\/205\/revisions\/450"}],"wp:attachment":[{"href":"https:\/\/bgassociados.com\/es\/wp-json\/wp\/v2\/media?parent=205"}],"curies":[{"name":"wp","href":"https:\/\/api.w.org\/{rel}","templated":true}]}}