{"id":207,"date":"2021-01-12T15:40:47","date_gmt":"2021-01-12T15:40:47","guid":{"rendered":"https:\/\/bgassociados.com\/es\/?page_id=207"},"modified":"2024-04-01T18:53:49","modified_gmt":"2024-04-01T17:53:49","slug":"registosnotariado","status":"publish","type":"page","link":"https:\/\/bgassociados.com\/es\/registosnotariado\/","title":{"rendered":"Registos e Notar\u00edas"},"content":{"rendered":"<h3>Registos e Notar\u00edas<\/h3>\n<p style=\"text-align: allow;\">Atendemos las necesidades de nuestros Clientes y actos del d\u00eda a d\u00eda, ejerciendo siempre un trabajo de proximidad y asegurando la simplificaci\u00f3n de tr\u00e1mites burocr\u00e1ticos con nuestros Clientes.<\/p>\n<p>&nbsp;<\/p>\n<ul>\n<li>Escrituras;<\/li>\n<li>Poder notarial;<\/li>\n<li>Certificaci\u00f3n de fotocopias;<\/li>\n<li>Reconocimiento de firma;<\/li>\n<li>Autenticaci\u00f3n de documentos;<\/li>\n<li>Registro de autom\u00f3viles, comercio y propiedad.<\/li>\n<\/ul>\n","protected":false},"excerpt":{"rendered":"<p>Registos e Notar\u00edas Atendemos las necesidades de nuestros Clientes y actos del d\u00eda a d\u00eda,<span class=\"excerpt-hellip\"> [\u2026]<\/span><\/p>\n","protected":false},"author":1,"featured_media":0,"parent":0,"menu_order":0,"comment_status":"closed","ping_status":"closed","template":"","meta":[],"yoast_head":"<!-- This site is optimized with the Yoast SEO plugin v15.9.1 - https:\/\/yoast.com\/wordpress\/plugins\/seo\/ -->\n<title>Abogados de Registos e Notar\u00edas - Branco, Garcia &amp; Asociados<\/title>\n<meta name=\"description\" content=\"Ejerciemos un trabajo de proximidad y asegurando la simplificaci\u00f3n de tr\u00e1mites burocr\u00e1ticos con nuestros Clientes\" \/>\n<link rel=\"canonical\" href=\"https:\/\/bgassociados.com\/es\/registosnotariado\/\" \/>\n<meta property=\"og:locale\" content=\"es_ES\" \/>\n<meta property=\"og:type\" content=\"article\" \/>\n<meta property=\"og:title\" content=\"Abogados de Registos e Notar\u00edas - Branco, Garcia &amp; Asociados\" \/>\n<meta property=\"og:description\" content=\"Ejerciemos un trabajo de proximidad y asegurando la simplificaci\u00f3n de tr\u00e1mites burocr\u00e1ticos con nuestros Clientes\" \/>\n<meta property=\"og:url\" content=\"https:\/\/bgassociados.com\/es\/registosnotariado\/\" \/>\n<meta property=\"og:site_name\" content=\"Branco, Garcia &amp; Asociados\" \/>\n<meta property=\"article:modified_time\" content=\"2024-04-01T17:53:49+00:00\" \/>\n<meta name=\"twitter:card\" content=\"summary_large_image\" \/>\n<meta name=\"twitter:label1\" content=\"Est. reading time\">\n\t<meta name=\"twitter:data1\" content=\"1 minuto\">\n<script type=\"application\/ld+json\" class=\"yoast-schema-graph\">{\"@context\":\"https:\/\/schema.org\",\"@graph\":[{\"@type\":\"WebSite\",\"@id\":\"https:\/\/bgassociados.com\/es\/#website\",\"url\":\"https:\/\/bgassociados.com\/es\/\",\"name\":\"Branco, Garcia &amp; Asociados\",\"description\":\"Abogados\",\"potentialAction\":[{\"@type\":\"SearchAction\",\"target\":\"https:\/\/bgassociados.com\/es\/?s={search_term_string}\",\"query-input\":\"required name=search_term_string\"}],\"inLanguage\":\"es\"},{\"@type\":\"WebPage\",\"@id\":\"https:\/\/bgassociados.com\/es\/registosnotariado\/#webpage\",\"url\":\"https:\/\/bgassociados.com\/es\/registosnotariado\/\",\"name\":\"Abogados de Registos e Notar\\u00edas - Branco, Garcia &amp; Asociados\",\"isPartOf\":{\"@id\":\"https:\/\/bgassociados.com\/es\/#website\"},\"datePublished\":\"2021-01-12T15:40:47+00:00\",\"dateModified\":\"2024-04-01T17:53:49+00:00\",\"description\":\"Ejerciemos un trabajo de proximidad y asegurando la simplificaci\\u00f3n de tr\\u00e1mites burocr\\u00e1ticos con nuestros Clientes\",\"breadcrumb\":{\"@id\":\"https:\/\/bgassociados.com\/es\/registosnotariado\/#breadcrumb\"},\"inLanguage\":\"es\",\"potentialAction\":[{\"@type\":\"ReadAction\",\"target\":[\"https:\/\/bgassociados.com\/es\/registosnotariado\/\"]}]},{\"@type\":\"BreadcrumbList\",\"@id\":\"https:\/\/bgassociados.com\/es\/registosnotariado\/#breadcrumb\",\"itemListElement\":[{\"@type\":\"ListItem\",\"position\":1,\"item\":{\"@type\":\"WebPage\",\"@id\":\"https:\/\/bgassociados.com\/es\/\",\"url\":\"https:\/\/bgassociados.com\/es\/\",\"name\":\"In\\u00edcio\"}},{\"@type\":\"ListItem\",\"position\":2,\"item\":{\"@type\":\"WebPage\",\"@id\":\"https:\/\/bgassociados.com\/es\/registosnotariado\/\",\"url\":\"https:\/\/bgassociados.com\/es\/registosnotariado\/\",\"name\":\"Registos e Notar\\u00edas\"}}]}]}<\/script>\n<!-- \/ Yoast SEO plugin. -->","_links":{"self":[{"href":"https:\/\/bgassociados.com\/es\/wp-json\/wp\/v2\/pages\/207"}],"collection":[{"href":"https:\/\/bgassociados.com\/es\/wp-json\/wp\/v2\/pages"}],"about":[{"href":"https:\/\/bgassociados.com\/es\/wp-json\/wp\/v2\/types\/page"}],"author":[{"embeddable":true,"href":"https:\/\/bgassociados.com\/es\/wp-json\/wp\/v2\/users\/1"}],"replies":[{"embeddable":true,"href":"https:\/\/bgassociados.com\/es\/wp-json\/wp\/v2\/comments?post=207"}],"version-history":[{"count":11,"href":"https:\/\/bgassociados.com\/es\/wp-json\/wp\/v2\/pages\/207\/revisions"}],"predecessor-version":[{"id":468,"href":"https:\/\/bgassociados.com\/es\/wp-json\/wp\/v2\/pages\/207\/revisions\/468"}],"wp:attachment":[{"href":"https:\/\/bgassociados.com\/es\/wp-json\/wp\/v2\/media?parent=207"}],"curies":[{"name":"wp","href":"https:\/\/api.w.org\/{rel}","templated":true}]}}