{"id":3,"date":"2020-10-19T12:03:29","date_gmt":"2020-10-19T12:03:29","guid":{"rendered":"https:\/\/bgassociados.com\/es\/?page_id=3"},"modified":"2022-12-12T18:50:18","modified_gmt":"2022-12-12T18:50:18","slug":"politica-privacidade","status":"publish","type":"page","link":"https:\/\/bgassociados.com\/es\/politica-privacidade\/","title":{"rendered":"Pol\u00edtica de Privacidad"},"content":{"rendered":"<h2>Pol\u00edtica de Privacidad<\/h2>\n<p>Su privacidad es importante para nosotros. Es pol\u00edtica de bgassociados.com respetar su privacidad con respecto a cualquier informaci\u00f3n que podamos recopilar de usted en el sitio web <a href=\"https:\/\/bgassociados.com\/es\/\">https:\/\/bgassociados.com\/en\/<\/a>, y otros sitios web que poseemos y operamos.<\/p>\n<p>Solo solicitamos informaci\u00f3n personal cuando realmente la necesitamos para brindarle un servicio. Hacemos esto por medios justos y legales, con su conocimiento y consentimiento. Tambi\u00e9n le informamos por qu\u00e9 lo recopilamos y c\u00f3mo se utilizar\u00e1.<\/p>\n<p>Solo conservamos la informaci\u00f3n recopilada durante el tiempo que sea necesario para proporcionar el servicio solicitado. Cuando almacenamos datos, los protegemos dentro de los medios comercialmente aceptables para evitar p\u00e9rdidas y robos, as\u00ed como acceso, divulgaci\u00f3n, copia, uso o modificaci\u00f3n no autorizados.<\/p>\n<p>No compartimos informaci\u00f3n de identificaci\u00f3n personal p\u00fablicamente o con extra\u00f1os, excepto seg\u00fan lo exija la ley.<\/p>\n<p>Nuestro sitio web puede tener enlaces a sitios web externos que no son operados por nosotros. Tenga en cuenta que no tenemos control sobre el contenido y las pr\u00e1cticas de estos sitios y no podemos aceptar responsabilidad por sus respectivas pol\u00edticas de privacidad.<\/p>\n<p>Puede rechazar nuestra solicitud de informaci\u00f3n personal, entendiendo que es posible que no podamos brindarle algunos de los servicios que desea.<\/p>\n<p>Su uso continuado de nuestro sitio web se considerar\u00e1 como la aceptaci\u00f3n de nuestras pr\u00e1cticas sobre privacidad e informaci\u00f3n personal. Si tiene alguna pregunta sobre c\u00f3mo manejamos los datos de los usuarios y la informaci\u00f3n personal, comun\u00edquese con nosotros.<\/p>\n<h2>Pol\u00edtica de cookies<\/h2>\n<h3>\u00bfQu\u00e9 son las cookies?<\/h3>\n<p>Como es pr\u00e1ctica com\u00fan en casi todos los sitios web profesionales, este sitio web utiliza cookies, que son peque\u00f1os archivos que se descargan en su computadora, para mejorar su experiencia. Esta p\u00e1gina describe qu\u00e9 informaci\u00f3n recopilamos, c\u00f3mo la usamos y por qu\u00e9 a veces necesitamos almacenar estas cookies. Tambi\u00e9n compartiremos c\u00f3mo puede evitar que se almacenen estas cookies, sin embargo, esto puede degradar o &#8220;romper&#8221; ciertos elementos de la funcionalidad del sitio.<\/p>\n<h3>\u00bfC\u00f3mo usamos las cookies?<\/h3>\n<p>Usamos cookies por una variedad de razones, que se detallan a continuaci\u00f3n. Desafortunadamente, en la mayor\u00eda de los casos, no existen opciones est\u00e1ndar de la industria para deshabilitar las cookies sin deshabilitar por completo la funcionalidad y las caracter\u00edsticas que agregan a este sitio web. Se recomienda que omita todas las cookies si no est\u00e1 seguro de si las necesita o no si se utilizan para proporcionar un servicio que utiliza.<\/p>\n<h3>Desactivar cookies<\/h3>\n<p>Puede evitar la configuraci\u00f3n de cookies ajustando la configuraci\u00f3n de su navegador (consulte la Ayuda de su navegador para saber c\u00f3mo hacerlo). Tenga en cuenta que deshabilitar las cookies afectar\u00e1 la funcionalidad de este y muchos otros sitios web que visite. Deshabilitar las cookies generalmente resultar\u00e1 en la deshabilitaci\u00f3n de ciertas funciones y caracter\u00edsticas de este sitio web. Por lo tanto, se recomienda que no deshabilite las cookies.<\/p>\n<h3>Cookies que configuramos<\/h3>\n<ul>\n<li>Cookies relacionadas con la cuentaSi crea una cuenta con nosotros, utilizaremos cookies para la gesti\u00f3n del proceso de registro y la administraci\u00f3n general. Estas cookies generalmente se eliminar\u00e1n cuando cierre la sesi\u00f3n, sin embargo, en algunos casos, pueden permanecer despu\u00e9s para recordar las preferencias de su sitio cuando cierre la sesi\u00f3n.<\/li>\n<li>Cookies relacionadas con el inicio de sesi\u00f3nUtilizamos cookies cuando inicia sesi\u00f3n para que podamos recordar esa acci\u00f3n. Esto le evita tener que iniciar sesi\u00f3n cada vez que visita una nueva p\u00e1gina. Estas cookies normalmente se eliminan o borran cuando cierra sesi\u00f3n para garantizar que solo pueda acceder a funciones y \u00e1reas restringidas cuando inicie sesi\u00f3n.<\/li>\n<li>Cookies relacionadas con boletines por correo electr\u00f3nicoEste sitio web ofrece servicios de suscripci\u00f3n a boletines o correos electr\u00f3nicos y las cookies pueden usarse para recordar si ya est\u00e1 registrado y si mostrar ciertas notificaciones v\u00e1lidas solo para usuarios suscritos \/ dados de baja.<\/li>\n<li>Cookies relacionadas con el procesamiento de pedidosEste sitio ofrece comercio electr\u00f3nico o facilidades de pago y algunas cookies son esenciales para garantizar que su pedido sea recordado entre p\u00e1ginas para que podamos procesarlo correctamente.<\/li>\n<li>Cookies relacionadas con encuestas De vez en cuando, ofrecemos encuestas y cuestionarios para brindarle informaci\u00f3n interesante, herramientas \u00fatiles o para comprender nuestra base de usuarios con mayor precisi\u00f3n. Estas encuestas pueden usar cookies para recordar qui\u00e9n ya particip\u00f3 en una encuesta o para proporcionar resultados precisos despu\u00e9s de cambiar de p\u00e1gina.<\/li>\n<li>Cookies relacionadas con formularios Cuando env\u00eda datos a trav\u00e9s de un formulario como los que se encuentran en las p\u00e1ginas de contacto o formularios de comentarios, las cookies pueden configurarse para recordar sus datos de usuario para correspondencia futura.<\/li>\n<li>Cookies de preferencia del sitioPara brindarle una gran experiencia en este sitio, proporcionamos la funcionalidad para establecer sus preferencias sobre c\u00f3mo funciona este sitio cuando lo usa. Para recordar sus preferencias, necesitamos configurar cookies para que esta informaci\u00f3n pueda ser llamada cada vez que interact\u00fae con una p\u00e1gina que se ve afectada por sus preferencias.<\/li>\n<\/ul>\n<h3>Cookies de terceros<\/h3>\n<p>En algunos casos especiales, tambi\u00e9n utilizamos cookies proporcionadas por terceros de confianza. La siguiente secci\u00f3n detalla qu\u00e9 cookies de terceros puede encontrar a trav\u00e9s de este sitio web.<\/p>\n<ul>\n<li>Este sitio web utiliza Google Analytics, que es una de las soluciones de an\u00e1lisis m\u00e1s extendidas y confiables en la web, para ayudarnos a comprender c\u00f3mo usa el sitio web y c\u00f3mo podemos mejorar su experiencia. Estas cookies pueden rastrear cosas como cu\u00e1nto tiempo pasa en el sitio y qu\u00e9 p\u00e1ginas visita para que podamos continuar produciendo contenido atractivo.<\/li>\n<\/ul>\n<p>Para obtener m\u00e1s informaci\u00f3n sobre las cookies de Google Analytics, consulte la p\u00e1gina oficial de Google Analytics.<\/p>\n<ul>\n<li>Se utilizan an\u00e1lisis de terceros para rastrear y medir el uso de este sitio para que podamos continuar produciendo contenido atractivo. Estas cookies pueden rastrear cosas como cu\u00e1nto tiempo pasa en el sitio o qu\u00e9 p\u00e1ginas visita, lo que nos ayuda a comprender c\u00f3mo podemos mejorar el sitio para usted.<\/li>\n<li>Peri\u00f3dicamente probamos nuevas funciones y realizamos cambios sutiles en la apariencia del sitio. Cuando todav\u00eda estamos probando nuevas funciones, estas cookies pueden usarse para garantizar que reciba una experiencia consistente mientras est\u00e1 en el sitio mientras entendemos qu\u00e9 optimizaciones aprecian m\u00e1s nuestros usuarios.<\/li>\n<li>A medida que vendemos productos, es importante que entendamos las estad\u00edsticas sobre cu\u00e1ntos visitantes de nuestro sitio realmente realizan una compra y, por lo tanto, este es el tipo de datos que rastrear\u00e1n estas cookies. Esto es importante para usted, ya que significa que podemos hacer predicciones comerciales precisas que nos permitan analizar nuestros costos de publicidad y productos para garantizar el mejor precio posible.<\/li>\n<\/ul>\n<h3>Compromiso del usuario<\/h3>\n<p>El usuario se obliga a hacer un uso correcto de los contenidos e informaci\u00f3n que https:\/\/bgassociados.com\/es\/# ofrece en el sitio web y con car\u00e1cter enunciativo, pero no limitativo:<\/p>\n<ul>\n<li>A) No realizar actividades ilegales o contrarias a la buena fe y al orden p\u00fablico;<\/li>\n<li>B) No difundir contenidos o propaganda de car\u00e1cter racista, xen\u00f3fobo, <a style=\"color: heredar; font-weight: normal; text-decoration: none;\" href=\"https:\/\/ondeapostar.pt\/\">apuestas deportivas<\/a>, pornograf\u00eda ilegal, en apoyo del terrorismo o contra los derechos humanos;<\/li>\n<li>C) No provocar da\u00f1os en los sistemas f\u00edsicos (hardware) y l\u00f3gicos (software) de https:\/\/bgassociados.com\/es\/#, de sus proveedores o de terceras personas, introducir o difundir virus inform\u00e1ticos o cualquier otro hardware. sistemas o software que sean capaces de causar los da\u00f1os mencionados.<\/li>\n<\/ul>\n<h3>M\u00e1s informaci\u00f3n<\/h3>\n<p>Con suerte, eso se ha aclarado y, como se mencion\u00f3 anteriormente, si hay algo que no est\u00e1 seguro de si necesita o no, generalmente es m\u00e1s seguro dejar las cookies habilitadas si interact\u00faa con una de las funciones que usa en nuestro sitio web.<\/p>\n<p>&nbsp;<\/p>\n","protected":false},"excerpt":{"rendered":"<p>Pol\u00edtica de Privacidad Su privacidad es importante para nosotros. Es pol\u00edtica de bgassociados.com respetar su<span class=\"excerpt-hellip\"> [\u2026]<\/span><\/p>\n","protected":false},"author":1,"featured_media":0,"parent":0,"menu_order":0,"comment_status":"closed","ping_status":"closed","template":"","meta":[],"yoast_head":"<!-- This site is optimized with the Yoast SEO plugin v15.9.1 - https:\/\/yoast.com\/wordpress\/plugins\/seo\/ -->\n<title>Pol\u00edtica de Privacidad - Branco, Garcia &amp; Asociados<\/title>\n<meta property=\"og:locale\" content=\"es_ES\" \/>\n<meta property=\"og:type\" content=\"article\" \/>\n<meta property=\"og:title\" content=\"Pol\u00edtica de Privacidad - Branco, Garcia &amp; Asociados\" \/>\n<meta property=\"og:description\" content=\"Pol\u00edtica de Privacidad Su privacidad es importante para nosotros. Es pol\u00edtica de bgassociados.com respetar su [\u2026]\" \/>\n<meta property=\"og:url\" content=\"https:\/\/bgassociados.com\/es\/politica-privacidade\/\" \/>\n<meta property=\"og:site_name\" content=\"Branco, Garcia &amp; Asociados\" \/>\n<meta property=\"article:modified_time\" content=\"2022-12-12T18:50:18+00:00\" \/>\n<meta name=\"twitter:card\" content=\"summary_large_image\" \/>\n<meta name=\"twitter:label1\" content=\"Est. reading time\">\n\t<meta name=\"twitter:data1\" content=\"7 minutos\">\n<script type=\"application\/ld+json\" class=\"yoast-schema-graph\">{\"@context\":\"https:\/\/schema.org\",\"@graph\":[{\"@type\":\"WebSite\",\"@id\":\"https:\/\/bgassociados.com\/es\/#website\",\"url\":\"https:\/\/bgassociados.com\/es\/\",\"name\":\"Branco, Garcia &amp; Asociados\",\"description\":\"Abogados\",\"potentialAction\":[{\"@type\":\"SearchAction\",\"target\":\"https:\/\/bgassociados.com\/es\/?s={search_term_string}\",\"query-input\":\"required name=search_term_string\"}],\"inLanguage\":\"es\"},{\"@type\":\"WebPage\",\"@id\":\"https:\/\/bgassociados.com\/es\/politica-privacidade\/#webpage\",\"url\":\"https:\/\/bgassociados.com\/es\/politica-privacidade\/\",\"name\":\"Pol\\u00edtica de Privacidad - Branco, Garcia &amp; Asociados\",\"isPartOf\":{\"@id\":\"https:\/\/bgassociados.com\/es\/#website\"},\"datePublished\":\"2020-10-19T12:03:29+00:00\",\"dateModified\":\"2022-12-12T18:50:18+00:00\",\"breadcrumb\":{\"@id\":\"https:\/\/bgassociados.com\/es\/politica-privacidade\/#breadcrumb\"},\"inLanguage\":\"es\",\"potentialAction\":[{\"@type\":\"ReadAction\",\"target\":[\"https:\/\/bgassociados.com\/es\/politica-privacidade\/\"]}]},{\"@type\":\"BreadcrumbList\",\"@id\":\"https:\/\/bgassociados.com\/es\/politica-privacidade\/#breadcrumb\",\"itemListElement\":[{\"@type\":\"ListItem\",\"position\":1,\"item\":{\"@type\":\"WebPage\",\"@id\":\"https:\/\/bgassociados.com\/es\/\",\"url\":\"https:\/\/bgassociados.com\/es\/\",\"name\":\"In\\u00edcio\"}},{\"@type\":\"ListItem\",\"position\":2,\"item\":{\"@type\":\"WebPage\",\"@id\":\"https:\/\/bgassociados.com\/es\/politica-privacidade\/\",\"url\":\"https:\/\/bgassociados.com\/es\/politica-privacidade\/\",\"name\":\"Pol\\u00edtica de Privacidad\"}}]}]}<\/script>\n<!-- \/ Yoast SEO plugin. -->","_links":{"self":[{"href":"https:\/\/bgassociados.com\/es\/wp-json\/wp\/v2\/pages\/3"}],"collection":[{"href":"https:\/\/bgassociados.com\/es\/wp-json\/wp\/v2\/pages"}],"about":[{"href":"https:\/\/bgassociados.com\/es\/wp-json\/wp\/v2\/types\/page"}],"author":[{"embeddable":true,"href":"https:\/\/bgassociados.com\/es\/wp-json\/wp\/v2\/users\/1"}],"replies":[{"embeddable":true,"href":"https:\/\/bgassociados.com\/es\/wp-json\/wp\/v2\/comments?post=3"}],"version-history":[{"count":8,"href":"https:\/\/bgassociados.com\/es\/wp-json\/wp\/v2\/pages\/3\/revisions"}],"predecessor-version":[{"id":436,"href":"https:\/\/bgassociados.com\/es\/wp-json\/wp\/v2\/pages\/3\/revisions\/436"}],"wp:attachment":[{"href":"https:\/\/bgassociados.com\/es\/wp-json\/wp\/v2\/media?parent=3"}],"curies":[{"name":"wp","href":"https:\/\/api.w.org\/{rel}","templated":true}]}}