{"id":49,"date":"2018-06-21T07:58:41","date_gmt":"2018-06-21T07:58:41","guid":{"rendered":"http:\/\/themes.muffingroup.com\/be\/lawyer4\/?page_id=2"},"modified":"2024-03-27T17:41:40","modified_gmt":"2024-03-27T17:41:40","slug":"advogados","status":"publish","type":"page","link":"https:\/\/bgassociados.com\/es\/","title":{"rendered":"Home"},"content":{"rendered":"","protected":false},"excerpt":{"rendered":"","protected":false},"author":1,"featured_media":0,"parent":0,"menu_order":0,"comment_status":"closed","ping_status":"closed","template":"","meta":[],"yoast_head":"<!-- This site is optimized with the Yoast SEO plugin v15.9.1 - https:\/\/yoast.com\/wordpress\/plugins\/seo\/ -->\n<title>Branco, Garcia &amp; Asociados - Sociedade de Advogados<\/title>\n<meta name=\"description\" content=\"Sociedade de Advogados: Presta\u00e7\u00e3o de servi\u00e7os jur\u00eddicos com confidencialidade e descri\u00e7\u00e3o, responsabilidade, seriedade e transpar\u00eancia.\" \/>\n<link rel=\"canonical\" href=\"https:\/\/bgassociados.com\/es\/\" \/>\n<meta property=\"og:locale\" content=\"es_ES\" \/>\n<meta property=\"og:type\" content=\"article\" \/>\n<meta property=\"og:title\" content=\"Branco, Garcia &amp; Asociados - Sociedade de Advogados\" \/>\n<meta property=\"og:description\" content=\"Sociedade de Advogados: Presta\u00e7\u00e3o de servi\u00e7os jur\u00eddicos com confidencialidade e descri\u00e7\u00e3o, responsabilidade, seriedade e transpar\u00eancia.\" \/>\n<meta property=\"og:url\" content=\"https:\/\/bgassociados.com\/es\/\" \/>\n<meta property=\"og:site_name\" content=\"Branco, Garcia &amp; Asociados\" \/>\n<meta property=\"article:modified_time\" content=\"2024-03-27T17:41:40+00:00\" \/>\n<meta name=\"twitter:card\" content=\"summary_large_image\" \/>\n<script type=\"application\/ld+json\" class=\"yoast-schema-graph\">{\"@context\":\"https:\/\/schema.org\",\"@graph\":[{\"@type\":\"WebSite\",\"@id\":\"https:\/\/bgassociados.com\/es\/#website\",\"url\":\"https:\/\/bgassociados.com\/es\/\",\"name\":\"Branco, Garcia &amp; Asociados\",\"description\":\"Abogados\",\"potentialAction\":[{\"@type\":\"SearchAction\",\"target\":\"https:\/\/bgassociados.com\/es\/?s={search_term_string}\",\"query-input\":\"required name=search_term_string\"}],\"inLanguage\":\"es\"},{\"@type\":\"WebPage\",\"@id\":\"https:\/\/bgassociados.com\/es\/#webpage\",\"url\":\"https:\/\/bgassociados.com\/es\/\",\"name\":\"Branco, Garcia &amp; Asociados - Sociedade de Advogados\",\"isPartOf\":{\"@id\":\"https:\/\/bgassociados.com\/es\/#website\"},\"datePublished\":\"2018-06-21T07:58:41+00:00\",\"dateModified\":\"2024-03-27T17:41:40+00:00\",\"description\":\"Sociedade de Advogados: Presta\\u00e7\\u00e3o de servi\\u00e7os jur\\u00eddicos com confidencialidade e descri\\u00e7\\u00e3o, responsabilidade, seriedade e transpar\\u00eancia.\",\"breadcrumb\":{\"@id\":\"https:\/\/bgassociados.com\/es\/#breadcrumb\"},\"inLanguage\":\"es\",\"potentialAction\":[{\"@type\":\"ReadAction\",\"target\":[\"https:\/\/bgassociados.com\/es\/\"]}]},{\"@type\":\"BreadcrumbList\",\"@id\":\"https:\/\/bgassociados.com\/es\/#breadcrumb\",\"itemListElement\":[{\"@type\":\"ListItem\",\"position\":1,\"item\":{\"@type\":\"WebPage\",\"@id\":\"https:\/\/bgassociados.com\/es\/\",\"url\":\"https:\/\/bgassociados.com\/es\/\",\"name\":\"In\\u00edcio\"}},{\"@type\":\"ListItem\",\"position\":2,\"item\":{\"@type\":\"WebPage\",\"@id\":\"https:\/\/bgassociados.com\/es\/\",\"url\":\"https:\/\/bgassociados.com\/es\/\",\"name\":\"Home\"}}]}]}<\/script>\n<!-- \/ Yoast SEO plugin. -->","_links":{"self":[{"href":"https:\/\/bgassociados.com\/es\/wp-json\/wp\/v2\/pages\/49"}],"collection":[{"href":"https:\/\/bgassociados.com\/es\/wp-json\/wp\/v2\/pages"}],"about":[{"href":"https:\/\/bgassociados.com\/es\/wp-json\/wp\/v2\/types\/page"}],"author":[{"embeddable":true,"href":"https:\/\/bgassociados.com\/es\/wp-json\/wp\/v2\/users\/1"}],"replies":[{"embeddable":true,"href":"https:\/\/bgassociados.com\/es\/wp-json\/wp\/v2\/comments?post=49"}],"version-history":[{"count":3,"href":"https:\/\/bgassociados.com\/es\/wp-json\/wp\/v2\/pages\/49\/revisions"}],"predecessor-version":[{"id":466,"href":"https:\/\/bgassociados.com\/es\/wp-json\/wp\/v2\/pages\/49\/revisions\/466"}],"wp:attachment":[{"href":"https:\/\/bgassociados.com\/es\/wp-json\/wp\/v2\/media?parent=49"}],"curies":[{"name":"wp","href":"https:\/\/api.w.org\/{rel}","templated":true}]}}