{"id":51,"date":"2018-06-29T12:42:31","date_gmt":"2018-06-29T12:42:31","guid":{"rendered":"http:\/\/themes.muffingroup.com\/be\/lawyer4\/?page_id=7"},"modified":"2023-03-15T16:54:41","modified_gmt":"2023-03-15T16:54:41","slug":"sociedade","status":"publish","type":"page","link":"https:\/\/bgassociados.com\/es\/sociedade\/","title":{"rendered":"la Sociedad"},"content":{"rendered":"","protected":false},"excerpt":{"rendered":"","protected":false},"author":1,"featured_media":0,"parent":0,"menu_order":0,"comment_status":"closed","ping_status":"closed","template":"","meta":[],"yoast_head":"<!-- This site is optimized with the Yoast SEO plugin v15.9.1 - https:\/\/yoast.com\/wordpress\/plugins\/seo\/ -->\n<title>Abogados en Lisboa - Branco, Garcia &amp; Asociados<\/title>\n<meta name=\"description\" content=\"Servicios jur\u00eddicos de calidad, adoptando la especializaci\u00f3n, la confidencialidad y descripci\u00f3n, la responsabilidad, la seriedad\" \/>\n<link rel=\"canonical\" href=\"https:\/\/bgassociados.com\/es\/sociedade\/\" \/>\n<meta property=\"og:locale\" content=\"es_ES\" \/>\n<meta property=\"og:type\" content=\"article\" \/>\n<meta property=\"og:title\" content=\"Abogados en Lisboa - Branco, Garcia &amp; Asociados\" \/>\n<meta property=\"og:description\" content=\"Servicios jur\u00eddicos de calidad, adoptando la especializaci\u00f3n, la confidencialidad y descripci\u00f3n, la responsabilidad, la seriedad\" \/>\n<meta property=\"og:url\" content=\"https:\/\/bgassociados.com\/es\/sociedade\/\" \/>\n<meta property=\"og:site_name\" content=\"Branco, Garcia &amp; Asociados\" \/>\n<meta property=\"article:modified_time\" content=\"2023-03-15T16:54:41+00:00\" \/>\n<meta name=\"twitter:card\" content=\"summary_large_image\" \/>\n<script type=\"application\/ld+json\" class=\"yoast-schema-graph\">{\"@context\":\"https:\/\/schema.org\",\"@graph\":[{\"@type\":\"WebSite\",\"@id\":\"https:\/\/bgassociados.com\/es\/#website\",\"url\":\"https:\/\/bgassociados.com\/es\/\",\"name\":\"Branco, Garcia &amp; Asociados\",\"description\":\"Abogados\",\"potentialAction\":[{\"@type\":\"SearchAction\",\"target\":\"https:\/\/bgassociados.com\/es\/?s={search_term_string}\",\"query-input\":\"required name=search_term_string\"}],\"inLanguage\":\"es\"},{\"@type\":\"WebPage\",\"@id\":\"https:\/\/bgassociados.com\/es\/sociedade\/#webpage\",\"url\":\"https:\/\/bgassociados.com\/es\/sociedade\/\",\"name\":\"Abogados en Lisboa - Branco, Garcia &amp; Asociados\",\"isPartOf\":{\"@id\":\"https:\/\/bgassociados.com\/es\/#website\"},\"datePublished\":\"2018-06-29T12:42:31+00:00\",\"dateModified\":\"2023-03-15T16:54:41+00:00\",\"description\":\"Servicios jur\\u00eddicos de calidad, adoptando la especializaci\\u00f3n, la confidencialidad y descripci\\u00f3n, la responsabilidad, la seriedad\",\"breadcrumb\":{\"@id\":\"https:\/\/bgassociados.com\/es\/sociedade\/#breadcrumb\"},\"inLanguage\":\"es\",\"potentialAction\":[{\"@type\":\"ReadAction\",\"target\":[\"https:\/\/bgassociados.com\/es\/sociedade\/\"]}]},{\"@type\":\"BreadcrumbList\",\"@id\":\"https:\/\/bgassociados.com\/es\/sociedade\/#breadcrumb\",\"itemListElement\":[{\"@type\":\"ListItem\",\"position\":1,\"item\":{\"@type\":\"WebPage\",\"@id\":\"https:\/\/bgassociados.com\/es\/\",\"url\":\"https:\/\/bgassociados.com\/es\/\",\"name\":\"In\\u00edcio\"}},{\"@type\":\"ListItem\",\"position\":2,\"item\":{\"@type\":\"WebPage\",\"@id\":\"https:\/\/bgassociados.com\/es\/sociedade\/\",\"url\":\"https:\/\/bgassociados.com\/es\/sociedade\/\",\"name\":\"la Sociedad\"}}]}]}<\/script>\n<!-- \/ Yoast SEO plugin. -->","_links":{"self":[{"href":"https:\/\/bgassociados.com\/es\/wp-json\/wp\/v2\/pages\/51"}],"collection":[{"href":"https:\/\/bgassociados.com\/es\/wp-json\/wp\/v2\/pages"}],"about":[{"href":"https:\/\/bgassociados.com\/es\/wp-json\/wp\/v2\/types\/page"}],"author":[{"embeddable":true,"href":"https:\/\/bgassociados.com\/es\/wp-json\/wp\/v2\/users\/1"}],"replies":[{"embeddable":true,"href":"https:\/\/bgassociados.com\/es\/wp-json\/wp\/v2\/comments?post=51"}],"version-history":[{"count":7,"href":"https:\/\/bgassociados.com\/es\/wp-json\/wp\/v2\/pages\/51\/revisions"}],"predecessor-version":[{"id":440,"href":"https:\/\/bgassociados.com\/es\/wp-json\/wp\/v2\/pages\/51\/revisions\/440"}],"wp:attachment":[{"href":"https:\/\/bgassociados.com\/es\/wp-json\/wp\/v2\/media?parent=51"}],"curies":[{"name":"wp","href":"https:\/\/api.w.org\/{rel}","templated":true}]}}