{"id":70,"date":"2019-02-14T14:45:02","date_gmt":"2019-02-14T14:45:02","guid":{"rendered":"https:\/\/themes.muffingroup.com\/be\/portfolio2\/?page_id=3"},"modified":"2022-12-12T18:57:30","modified_gmt":"2022-12-12T18:57:30","slug":"termos_condicoes","status":"publish","type":"page","link":"https:\/\/bgassociados.com\/es\/termos_condicoes\/","title":{"rendered":"T\u00e9rminos y condiciones"},"content":{"rendered":"<!-- wp:t\u00edtulo -->\r\n<h2>1. Condiciones<\/h2>\r\n<p>Branco Garc\u00eda &amp; Asociados<\/a>, usted acepta cumplir con estos t\u00e9rminos de servicio, todas las leyes y regulaciones aplicables, y acepta que es responsable de cumplir con todas las leyes locales aplicables. Si no est\u00e1 de acuerdo con alguno de estos t\u00e9rminos, tiene prohibido usar o acceder a este sitio web. Los materiales contenidos en este sitio est\u00e1n protegidos por las leyes de derechos de autor y marcas registradas aplicables.<\/p>\r\n<h2>2. Uso de la licencia<\/h2>\r\n<p>Se otorga permiso para descargar temporalmente una copia de los materiales (informaci\u00f3n o software) en Branco Garcia &amp; Associates, solo para visualizaci\u00f3n transitoria personal y no comercial. Esta es una concesi\u00f3n de licencia, no una transferencia de t\u00edtulo, y bajo esta licencia no puede:<\/p>\r\n<ol>\r\n<li>modificar o copiar los materiales;<\/li>\r\n<li>utilizar los materiales para fines comerciales o para exhibici\u00f3n p\u00fablica (comercial o no comercial);<\/li>\r\n<li>intentar descompilar o aplicar ingenier\u00eda inversa a cualquier software contenido en Branco Garcia &amp; Asociados;<\/li>\r\n<li>eliminar los derechos de autor u otras anotaciones de propiedad de los materiales; o<\/li>\r\n<li>transferir los materiales a otra persona o &#8220;duplicar&#8221; los materiales en cualquier otro servidor.<\/li>\r\n<\/ol>\r\n<p>Esta licencia terminar\u00e1 autom\u00e1ticamente si viola cualquiera de estas restricciones y Branco Garcia &amp; Asociados en cualquier momento. Al dejar de ver estos materiales o al finalizar esta licencia, debe eliminar todos los materiales descargados que tenga en su poder, ya sea en formato electr\u00f3nico o impreso.<\/p>\r\n<h2>3. Descargo de responsabilidad<\/h2>\r\n<ol>\r\n<li>Los materiales de Branco Garcia &amp; Los miembros se proporcionan &#8216;tal cual&#8217;. blanco garcia &amperio; Los Asociados no ofrecen garant\u00edas, expresas o impl\u00edcitas, y por la presente renuncian y renuncian a todas las dem\u00e1s garant\u00edas, incluidas, entre otras, garant\u00edas impl\u00edcitas o condiciones de comerciabilidad, idoneidad para un prop\u00f3sito particular o no infracci\u00f3n de propiedad intelectual u otra infracci\u00f3n de derechos.< \/li>\r\n<li>Adem\u00e1s, Branco Garc\u00eda &amp; Associates no garantiza ni hace ninguna representaci\u00f3n con respecto a la precisi\u00f3n, los resultados probables o la confiabilidad del uso de los materiales en su sitio o relacionados con esos materiales o en los sitios vinculados a este sitio.<\/li>\r\n<\/ol>\r\n<h2>4. Limitaciones<\/h2>\r\n<p>En ning\u00fan caso Branco Garcia &amp; Los asociados o sus proveedores ser\u00e1n responsables de cualquier da\u00f1o (incluidos, entre otros, da\u00f1os por p\u00e9rdida de datos o ganancias o debido a la interrupci\u00f3n del negocio) que surjan del uso o la incapacidad de usar los materiales en Branco Garcia &amp; Asociados, aunque Branco Garcia &amp; Asociados o un representante autorizado de Branco Garcia &amp; Los asociados han sido notificados oralmente o por escrito de la posibilidad de dichos da\u00f1os. Debido a que algunas jurisdicciones no permiten limitaciones en las garant\u00edas impl\u00edcitas o limitaciones en la responsabilidad por da\u00f1os consecuentes o incidentales, es posible que estas limitaciones no se apliquen a usted.<\/p>\r\n<h2>5. Precisi\u00f3n de los materiales<\/h2>\r\n<p>Los materiales expuestos en el Branco Garcia &amp; Los asociados pueden incluir errores t\u00e9cnicos, tipogr\u00e1ficos o fotogr\u00e1ficos. blanco garcia &amperio; Associates no garantiza que ninguno de los materiales en su sitio web sea preciso, completo o actual. blanco garcia &amperio; Los asociados pueden realizar cambios en los materiales contenidos en su sitio web en cualquier momento sin previo aviso. Sin embargo, Branco Garc\u00eda &amp; Associates no se compromete a actualizar los materiales.<\/p>\r\n<h2>6. Enlaces<\/h2>\r\n<p>El Blanco Garc\u00eda &amp; Associates no ha revisado todos los sitios vinculados a su sitio web y no es responsable del contenido de dichos sitios vinculados. La inclusi\u00f3n de cualquier enlace no implica la aprobaci\u00f3n por parte de Branco Garcia &amp; Asociados del sitio web. El uso de cualquier sitio vinculado es bajo el propio riesgo del usuario.<\/p>\r\n<h3>Modificaciones<\/h3>\r\n<p>El Blanco Garc\u00eda &amp; Los miembros pueden revisar estos t\u00e9rminos de servicio del sitio web en cualquier momento sin previo aviso. Al usar este sitio, acepta estar sujeto a la versi\u00f3n actual de estos t\u00e9rminos de servicio.<\/p>\r\n<h3>Legislaci\u00f3n aplicable<\/h3>\r\n<p>Estos t\u00e9rminos y condiciones se rigen e interpretan de conformidad con las leyes de Branco Garcia &amp; Los asociados y usted se someten irrevocablemente a la jurisdicci\u00f3n exclusiva de los tribunales de ese estado o localidad.<\/p>\r\n<p>&nbsp;<\/p>\r\n<!-- \/wp:t\u00edtulo -->","protected":false},"excerpt":{"rendered":"<p>1. Condiciones Branco Garc\u00eda &amp; Asociados, usted acepta cumplir con estos t\u00e9rminos de servicio, todas<span class=\"excerpt-hellip\"> [\u2026]<\/span><\/p>\n","protected":false},"author":1,"featured_media":0,"parent":0,"menu_order":0,"comment_status":"closed","ping_status":"closed","template":"","meta":[],"yoast_head":"<!-- This site is optimized with the Yoast SEO plugin v15.9.1 - https:\/\/yoast.com\/wordpress\/plugins\/seo\/ -->\n<title>T\u00e9rminos y condiciones - Branco, Garcia &amp; Asociados<\/title>\n<meta property=\"og:locale\" content=\"es_ES\" \/>\n<meta property=\"og:type\" content=\"article\" \/>\n<meta property=\"og:title\" content=\"T\u00e9rminos y condiciones - Branco, Garcia &amp; Asociados\" \/>\n<meta property=\"og:description\" content=\"1. Condiciones Branco Garc\u00eda &amp; Asociados, usted acepta cumplir con estos t\u00e9rminos de servicio, todas [\u2026]\" \/>\n<meta property=\"og:url\" content=\"https:\/\/bgassociados.com\/es\/termos_condicoes\/\" \/>\n<meta property=\"og:site_name\" content=\"Branco, Garcia &amp; Asociados\" \/>\n<meta property=\"article:modified_time\" content=\"2022-12-12T18:57:30+00:00\" \/>\n<meta name=\"twitter:card\" content=\"summary_large_image\" \/>\n<meta name=\"twitter:label1\" content=\"Est. reading time\">\n\t<meta name=\"twitter:data1\" content=\"4 minutos\">\n<script type=\"application\/ld+json\" class=\"yoast-schema-graph\">{\"@context\":\"https:\/\/schema.org\",\"@graph\":[{\"@type\":\"WebSite\",\"@id\":\"https:\/\/bgassociados.com\/es\/#website\",\"url\":\"https:\/\/bgassociados.com\/es\/\",\"name\":\"Branco, Garcia &amp; Asociados\",\"description\":\"Abogados\",\"potentialAction\":[{\"@type\":\"SearchAction\",\"target\":\"https:\/\/bgassociados.com\/es\/?s={search_term_string}\",\"query-input\":\"required name=search_term_string\"}],\"inLanguage\":\"es\"},{\"@type\":\"WebPage\",\"@id\":\"https:\/\/bgassociados.com\/es\/termos_condicoes\/#webpage\",\"url\":\"https:\/\/bgassociados.com\/es\/termos_condicoes\/\",\"name\":\"T\\u00e9rminos y condiciones - Branco, Garcia &amp; Asociados\",\"isPartOf\":{\"@id\":\"https:\/\/bgassociados.com\/es\/#website\"},\"datePublished\":\"2019-02-14T14:45:02+00:00\",\"dateModified\":\"2022-12-12T18:57:30+00:00\",\"breadcrumb\":{\"@id\":\"https:\/\/bgassociados.com\/es\/termos_condicoes\/#breadcrumb\"},\"inLanguage\":\"es\",\"potentialAction\":[{\"@type\":\"ReadAction\",\"target\":[\"https:\/\/bgassociados.com\/es\/termos_condicoes\/\"]}]},{\"@type\":\"BreadcrumbList\",\"@id\":\"https:\/\/bgassociados.com\/es\/termos_condicoes\/#breadcrumb\",\"itemListElement\":[{\"@type\":\"ListItem\",\"position\":1,\"item\":{\"@type\":\"WebPage\",\"@id\":\"https:\/\/bgassociados.com\/es\/\",\"url\":\"https:\/\/bgassociados.com\/es\/\",\"name\":\"In\\u00edcio\"}},{\"@type\":\"ListItem\",\"position\":2,\"item\":{\"@type\":\"WebPage\",\"@id\":\"https:\/\/bgassociados.com\/es\/termos_condicoes\/\",\"url\":\"https:\/\/bgassociados.com\/es\/termos_condicoes\/\",\"name\":\"T\\u00e9rminos y condiciones\"}}]}]}<\/script>\n<!-- \/ Yoast SEO plugin. -->","_links":{"self":[{"href":"https:\/\/bgassociados.com\/es\/wp-json\/wp\/v2\/pages\/70"}],"collection":[{"href":"https:\/\/bgassociados.com\/es\/wp-json\/wp\/v2\/pages"}],"about":[{"href":"https:\/\/bgassociados.com\/es\/wp-json\/wp\/v2\/types\/page"}],"author":[{"embeddable":true,"href":"https:\/\/bgassociados.com\/es\/wp-json\/wp\/v2\/users\/1"}],"replies":[{"embeddable":true,"href":"https:\/\/bgassociados.com\/es\/wp-json\/wp\/v2\/comments?post=70"}],"version-history":[{"count":4,"href":"https:\/\/bgassociados.com\/es\/wp-json\/wp\/v2\/pages\/70\/revisions"}],"predecessor-version":[{"id":458,"href":"https:\/\/bgassociados.com\/es\/wp-json\/wp\/v2\/pages\/70\/revisions\/458"}],"wp:attachment":[{"href":"https:\/\/bgassociados.com\/es\/wp-json\/wp\/v2\/media?parent=70"}],"curies":[{"name":"wp","href":"https:\/\/api.w.org\/{rel}","templated":true}]}}